{"id":5442,"date":"2019-11-12T12:22:35","date_gmt":"2019-11-12T11:22:35","guid":{"rendered":"https:\/\/copex.com\/plano-del-sitio\/"},"modified":"2020-07-01T15:38:12","modified_gmt":"2020-07-01T13:38:12","slug":"plano-del-sitio","status":"publish","type":"page","link":"https:\/\/copex.com\/es\/plano-del-sitio\/","title":{"rendered":"Plano del sitio"},"content":{"rendered":"<div class=\"wsp-container\"><h2 class=\"wsp-pages-title\">P\u00e1ginas<\/h2>\n<ul class=\"wsp-pages-list\">\n<li class=\"page_item page-item-5672\"><a href=\"https:\/\/copex.com\/es\/agenda\/\">Agenda<\/a><\/li>\n<li class=\"page_item page-item-5626\"><a href=\"https:\/\/copex.com\/es\/aplicaciones\/\">Aplicaciones<\/a><\/li>\n<li class=\"page_item page-item-4964\"><a href=\"https:\/\/copex.com\/es\/consultenos\/\">Cons\u00faltenos<\/a><\/li>\n<li class=\"page_item page-item-4970\"><a href=\"https:\/\/copex.com\/es\/empresa\/\">Empresa<\/a><\/li>\n<li class=\"page_item page-item-5404\"><a href=\"https:\/\/copex.com\/es\/\">Home<\/a><\/li>\n<li class=\"page_item page-item-4941\"><a href=\"https:\/\/copex.com\/es\/legal-notices\/\">Legal Notices<\/a><\/li>\n<li class=\"page_item page-item-4982\"><a href=\"https:\/\/copex.com\/es\/maquinas\/\">M\u00e1quinas<\/a><\/li>\n<li class=\"page_item page-item-5271\"><a href=\"https:\/\/copex.com\/es\/materiales\/\">Materiales<\/a><\/li>\n<li class=\"page_item page-item-6419\"><a href=\"https:\/\/copex.com\/es\/newsletter\/\">Newsletter<\/a><\/li>\n<li class=\"page_item page-item-5161 current_page_parent\"><a href=\"https:\/\/copex.com\/es\/noticias\/\">Noticias<\/a><\/li>\n<li class=\"page_item page-item-5442\"><a href=\"https:\/\/copex.com\/es\/plano-del-sitio\/\">Plano del sitio<\/a><\/li>\n<li class=\"page_item page-item-5132\"><a href=\"https:\/\/copex.com\/es\/privacy-policy\/\">Privacy Policy<\/a><\/li>\n<li class=\"page_item page-item-5476\"><a href=\"https:\/\/copex.com\/es\/servicios\/\">Servicios<\/a><\/li>\n<\/ul>\n<h2 class=\"wsp-posts-title\">Posts por categor\u00eda<\/h2>\n<ul class=\"wsp-posts-list\">\n\t<li><strong class=\"wsp-category-title\">Category: <a href=\"https:\/\/copex.com\/es\/category\/desarrollo-de-las-ventas\/\">Desarrollo de las ventas<\/a><\/strong>\n<ul class=\"wsp-posts-list\">\t\t<li class=\"wsp-post\"><a href=\"https:\/\/copex.com\/es\/recyclingaktiv-2023-karlsruhe-alemania\/\">RecyclingAKTIV 2023 &#8211; Karlsruhe (Alemania)<\/a><\/li>\n\t\t<li class=\"wsp-post\"><a href=\"https:\/\/copex.com\/es\/isri-2023-nashville-tennessee\/\">ISRI 2023 Nashville (Tennessee)<\/a><\/li>\n\t\t<li class=\"wsp-post\"><a href=\"https:\/\/copex.com\/es\/exposicion-internacional-de-agricultura-y-alimentacion-agex-en-jeddah\/\">Exposici\u00f3n Internacional de Agricultura y Alimentaci\u00f3n AGEX en Jeddah<\/a><\/li>\n\t\t<li class=\"wsp-post\"><a href=\"https:\/\/copex.com\/es\/copex-strengthens-its-position-in-the-usa\/\">Copex strengthens its position in the USA!<\/a><\/li>\n\t\t<li class=\"wsp-post\"><a href=\"https:\/\/copex.com\/es\/paprec-confia-en-copex-para-continuar-su-estrategia-de-desarrollo\/\">Paprec conf\u00eda en Copex para continuar su estrategia de desarrollo<\/a><\/li>\n\t\t<li class=\"wsp-post\"><a href=\"https:\/\/copex.com\/es\/sims-metal-cuando-se-ama-no-se-cuenta\/\">Sims Metal : \u00a1Cuando se ama, no se cuenta!<\/a><\/li>\n\t\t<li class=\"wsp-post\"><a href=\"https:\/\/copex.com\/es\/la-lidex-de-ragg-una-hermosa-joya-en-un-hermoso-estuche\/\">La LIDEX de RAGG: una hermosa joya en un hermoso estuche<\/a><\/li>\n\t\t<li class=\"wsp-post\"><a href=\"https:\/\/copex.com\/es\/esel-nuevo-socio-comercial-de-copex-en-el-reino-unido\/\">ESEL: Nuevo socio comercial de COPEX en el Reino Unido<\/a><\/li>\n\t\t<li class=\"wsp-post\"><a href=\"https:\/\/copex.com\/es\/copex-abre-oficina-en-alemania\/\">COPEX abre oficina en Alemania<\/a><\/li>\n<\/ul><\/li>\n\t<li><strong class=\"wsp-category-title\">Category: <a href=\"https:\/\/copex.com\/es\/category\/nuevas-maquinas\/\">Nuevas m\u00e1quinas<\/a><\/strong>\n<ul class=\"wsp-posts-list\">\t\t<li class=\"wsp-post\"><a href=\"https:\/\/copex.com\/es\/guyot-environnement-recibe-una-lidex-de-2000-toneladas-en-su-planta-de-brest\/\">Guyot Environnement recibe una LIDEX de 2000 toneladas en su planta de Brest<\/a><\/li>\n\t\t<li class=\"wsp-post\"><a href=\"https:\/\/copex.com\/es\/nueva-cizalla-copex-instalada-en-el-reino-unido\/\">Nueva cizalla Copex instalada en el Reino Unido<\/a><\/li>\n\t\t<li class=\"wsp-post\"><a href=\"https:\/\/copex.com\/es\/una-s-wing-1000-para-apoyar-el-desarrollo-de-recycleurs-bretons\/\">Una S-Wing 1000 para apoyar el desarrollo de Recycleurs Bretons<\/a><\/li>\n\t\t<li class=\"wsp-post\"><a href=\"https:\/\/copex.com\/es\/galloo-confia-en-copex\/\">Galloo conf\u00eda en Copex<\/a><\/li>\n\t\t<li class=\"wsp-post\"><a href=\"https:\/\/copex.com\/es\/al-especialista-americano-en-el-reciclaje-gold-star-le-gusta-la-compresion-lateral-de-copex\/\">Al especialista americano en el reciclaje Gold Star le gusta la compresi\u00f3n lateral de Copex<\/a><\/li>\n\t\t<li class=\"wsp-post\"><a href=\"https:\/\/copex.com\/es\/la-futura-cizalla-s-wing-1000-de-les-recycleurs-bretons-pasa-las-pruebas-con-exito\/\">La futura cizalla S-Wing 1000 de \u00abLes Recycleurs Bretons\u00bb pasa las pruebas con \u00e9xito<\/a><\/li>\n\t\t<li class=\"wsp-post\"><a href=\"https:\/\/copex.com\/es\/la-reflex-sera-entregada-en-los-estados-balticos\/\">La Reflex ser\u00e1 entregada en los Estados B\u00e1lticos.<\/a><\/li>\n\t\t<li class=\"wsp-post\"><a href=\"https:\/\/copex.com\/es\/durand-recuperation-tambien-tiene-su-cizalla-copex\/\">\u00a1Durand R\u00e9cup\u00e9ration tambi\u00e9n tiene su cizalla Copex!<\/a><\/li>\n\t\t<li class=\"wsp-post\"><a href=\"https:\/\/copex.com\/es\/copex-entrega-una-nueva-lidex-a-dengasc-recyclage\/\">COPEX entrega una nueva LIDEX a DENGASC RECYCLAGE<\/a><\/li>\n\t\t<li class=\"wsp-post\"><a href=\"https:\/\/copex.com\/es\/una-reflex650-enviada-al-reino-unido\/\">Una REFLEX650 enviada al Reino Unido<\/a><\/li>\n\t\t<li class=\"wsp-post\"><a href=\"https:\/\/copex.com\/es\/prensas-cizallas-s-wing-1000-de-camino-a-australia\/\">Prensas cizallas S-WING 1000 de camino a Australia<\/a><\/li>\n\t\t<li class=\"wsp-post\"><a href=\"https:\/\/copex.com\/es\/lidex-galloo-elige-a-copex\/\">LIDEX: GALLOO elige a COPEX<\/a><\/li>\n\t\t<li class=\"wsp-post\"><a href=\"https:\/\/copex.com\/es\/copex-entrega-una-lidex-en-el-corazon-de-la-region-auvernia\/\">COPEX entrega una LIDEX en el coraz\u00f3n de la regi\u00f3n Auvernia<\/a><\/li>\n\t\t<li class=\"wsp-post\"><a href=\"https:\/\/copex.com\/es\/la-primera-s-wing-900-instalada-por-el-copex-en-francia\/\">La primera S-Wing 900 instalada por el COPEX en Francia<\/a><\/li>\n\t\t<li class=\"wsp-post\"><a href=\"https:\/\/copex.com\/es\/una-primera-prensa-cizalla-lidex-vendido-en-suecia\/\">Una primera prensa cizalla LIDEX vendido en Suecia<\/a><\/li>\n<\/ul><\/li>\n\t<li><strong class=\"wsp-category-title\">Category: <a href=\"https:\/\/copex.com\/es\/category\/vida-de-la-empresa\/\">Vida de la empresa<\/a><\/strong>\n<ul class=\"wsp-posts-list\">\t\t<li class=\"wsp-post\"><a href=\"https:\/\/copex.com\/es\/una-nueva-organizacion-comercial\/\">Una nueva organizaci\u00f3n comercial !<\/a><\/li>\n\t\t<li class=\"wsp-post\"><a href=\"https:\/\/copex.com\/es\/corte-de-cinta-inaugural-en-capdea-de-marigny-le-chatel-francia\/\">Corte de cinta inaugural en CAPDEA de Marigny le Ch\u00e2tel, Francia<\/a><\/li>\n\t\t<li class=\"wsp-post\"><a href=\"https:\/\/copex.com\/es\/copex-le-desea-un-feliz-ano-nuevo\/\">\u00a1Copex le desea un feliz a\u00f1o nuevo!<\/a><\/li>\n\t\t<li class=\"wsp-post\"><a href=\"https:\/\/copex.com\/es\/descubra-nuestras-noticias\/\">Descubra nuestras noticias !<\/a><\/li>\n\t\t<li class=\"wsp-post\"><a href=\"https:\/\/copex.com\/es\/mas-mujeres-en-copex\/\">M\u00e1s mujeres en COPEX<\/a><\/li>\n<\/ul><\/li>\n<\/ul>\n<h2 class=\"wsp-machines-title\">Maquinas<\/h2>\n<ul class=\"wsp-machines-list\">\n<li><a href=\"https:\/\/copex.com\/es\/maquinas\/prensas\/compactadores\/\">Compactadores<\/a><\/li>\n<li><a href=\"https:\/\/copex.com\/es\/maquinas\/prensas\/aplastacoches-para-vfu\/\">Aplastacoches para VFU<\/a><\/li>\n<li><a href=\"https:\/\/copex.com\/es\/maquinas\/prensas\/prensas-de-separacion-pack-metal-psp\/\">Prensas de separaci\u00f3n PACK METAL PSP<\/a><\/li>\n<li><a href=\"https:\/\/copex.com\/es\/maquinas\/prensas\/prensas-empacadoras-pack-metal\/\">Prensas empacadoras PACK METAL<\/a><\/li>\n<li><a href=\"https:\/\/copex.com\/es\/maquinas\/prensas\/\">Prensas<\/a><\/li>\n<li><a href=\"https:\/\/copex.com\/es\/maquinas\/prensas\/prensas-empacadoras-pmm\/\">Prensas empacadoras PMM<\/a><\/li>\n<li><a href=\"https:\/\/copex.com\/es\/maquinas\/prensas-cizallas\/prensas-cizallas-reflex-moviles-portatiles-y-fijas\/\">Prensas cizallas de aletas MOBILE<\/a><\/li>\n<li><a href=\"https:\/\/copex.com\/es\/maquinas\/prensas-cizallas\/prenzas-cizallas-de-tapas-s-wing\/\">Prensas cizallas de tapas KOLOSS<\/a><\/li>\n<li><a href=\"https:\/\/copex.com\/es\/maquinas\/prensas\/prensas-empacadoras-pcv\/\">Prensas empacadoras PCV<\/a><\/li>\n<li><a href=\"https:\/\/copex.com\/es\/maquinas\/prensas\/prensas-empacadoras-de-tapa-pcc\/\">Prensas empacadoras de tapa PCC<\/a><\/li>\n<li><a href=\"https:\/\/copex.com\/es\/maquinas\/prensas-cizallas\/prensas-cizallas-de-compresion-lateral-lidex\/\">Prensas cizallas de compresi\u00f3n lateral LIDEX<\/a><\/li>\n<li><a href=\"https:\/\/copex.com\/es\/maquinas\/segunda-mano\/\">Segunda mano<\/a><\/li>\n<li><a href=\"https:\/\/copex.com\/es\/maquinas\/prensas-cizallas\/\">Prensas cizallas<\/a><\/li>\n<\/ul>\n<h2 class=\"wsp-applications-title\">Aplicaciones<\/h2>\n<ul class=\"wsp-applications-list\">\n<li><a href=\"https:\/\/copex.com\/es\/aplicaciones\/reciclaje-y-clasificacion-de-residuos\/\">Reciclaje y clasificaci\u00f3n de residuos<\/a><\/li>\n<li><a href=\"https:\/\/copex.com\/es\/aplicaciones\/otras-industrias\/\">Otras industrias<\/a><\/li>\n<li><a href=\"https:\/\/copex.com\/es\/aplicaciones\/centros-de-transferencia-de-residuos\/\">Centros de transferencia de residuos<\/a><\/li>\n<li><a href=\"https:\/\/copex.com\/es\/aplicaciones\/sector-nuclear\/\">Sector nuclear<\/a><\/li>\n<li><a href=\"https:\/\/copex.com\/es\/aplicaciones\/agricultura\/\">Agricultura<\/a><\/li>\n<li><a href=\"https:\/\/copex.com\/es\/aplicaciones\/agroalimentacion\/\">Agroalimentaci\u00f3n<\/a><\/li>\n<li><a href=\"https:\/\/copex.com\/es\/aplicaciones\/siderurgia\/\">Siderurgia<\/a><\/li>\n<li><a href=\"https:\/\/copex.com\/es\/aplicaciones\/reciclaje-de-metales-ferrosos-y-no-ferrosos\/\">Reciclaje de metales ferrosos y no ferrosos<\/a><\/li>\n<\/ul>\n<h2 class=\"wsp-materiaus-title\">Materiales<\/h2>\n<ul class=\"wsp-materiaus-list\">\n<li><a href=\"https:\/\/copex.com\/es\/materiales\/multiples-materiales\/\">M\u00faltiples materiales<\/a><\/li>\n<li><a href=\"https:\/\/copex.com\/es\/materiales\/rsu\/\">RSU<\/a><\/li>\n<li><a href=\"https:\/\/copex.com\/es\/materiales\/cdr-csr\/\">CDR \/ CSR<\/a><\/li>\n<li><a href=\"https:\/\/copex.com\/es\/materiales\/cartones\/\">Cartones<\/a><\/li>\n<li><a href=\"https:\/\/copex.com\/es\/materiales\/plasticos\/\">Pl\u00e1sticos<\/a><\/li>\n<li><a href=\"https:\/\/copex.com\/es\/materiales\/fibras-agricolas-y-vegetales\/\">Fibras agr\u00edcolas y vegetales<\/a><\/li>\n<li><a href=\"https:\/\/copex.com\/es\/materiales\/madera\/\">Madera<\/a><\/li>\n<li><a href=\"https:\/\/copex.com\/es\/materiales\/textiles\/\">Textiles<\/a><\/li>\n<li><a href=\"https:\/\/copex.com\/es\/materiales\/envases-metalicos\/\">Envases met\u00e1licos<\/a><\/li>\n<li><a href=\"https:\/\/copex.com\/es\/materiales\/raee\/\">RAEE<\/a><\/li>\n<li><a href=\"https:\/\/copex.com\/es\/materiales\/metales-no-ferrosos\/\">Metales no ferrosos<\/a><\/li>\n<li><a href=\"https:\/\/copex.com\/es\/materiales\/metales-ferrosos\/\">Metales ferrosos<\/a><\/li>\n<\/ul>\n<h2 class=\"wsp-evenements-title\">\u00c9v\u00e9nements<\/h2>\n<ul class=\"wsp-evenements-list\">\n<li><a href=\"https:\/\/copex.com\/es\/agenda\/pollutec-2023-lyon\/\">POLLUTEC 2023 Lyon<\/a><\/li>\n<li><a href=\"https:\/\/copex.com\/es\/agenda\/isri-nashville-2023-tennessee\/\">ISRI Nashville 2023 - Tennessee<\/a><\/li>\n<li><a href=\"https:\/\/copex.com\/es\/agenda\/recyclingaktiv-karlsruhe-allemania\/\">RecyclingAKTIV 2023 Karlsruhe - Allemania<\/a><\/li>\n<li><a href=\"https:\/\/copex.com\/es\/agenda\/scrap-expo-2023-louisville-kentucky\/\">Scrap Expo 2023 Louisville - Kentucky<\/a><\/li>\n<\/ul>\n<h2 class=\"wsp-partenaires-title\">Partenaires<\/h2>\n<ul class=\"wsp-partenaires-list\">\n<li><a href=\"https:\/\/copex.com\/es\/socios\/lefort-deutschland-alemania-austria-suiza-alemana\/\">LEFORT DEUTSCHLAND - ALEMANIA, AUSTRIA, SUIZA ALEMANA<\/a><\/li>\n<li><a href=\"https:\/\/copex.com\/es\/socios\/btc-tsanaktsidis-bros\/\">BTC-Tsanaktsidis Bros- GRECIA, CHIPRE y ALABANIA<\/a><\/li>\n<li><a href=\"https:\/\/copex.com\/es\/socios\/cheng-ho-hsing-heavy-industries\/\">CHENG HO HSING HEAVY INDUSTRIES - TAIW\u00c1N<\/a><\/li>\n<li><a href=\"https:\/\/copex.com\/es\/socios\/envitech-engineering-co\/\">ENVITECH Engineering Co. - JAP\u00d3N<\/a><\/li>\n<li><a href=\"https:\/\/copex.com\/es\/socios\/hirukei\/\">HIRUKEI - ESPA\u00d1A, PORTUGAL<\/a><\/li>\n<li><a href=\"https:\/\/copex.com\/es\/socios\/korpra-cz\/\">KORPRA.cz - REP\u00daBLICA CHECA ESLOVAQUIA<\/a><\/li>\n<li><a href=\"https:\/\/copex.com\/es\/socios\/lefort-francia\/\">LEFORT FRANCE - FRANCIA, SUIZA ROM\u00c1NICA<\/a><\/li>\n<li><a href=\"https:\/\/copex.com\/es\/socios\/lefort-italia\/\">LEFORT ITALIA - ITALIA, SUIZA, ESLOVENIA, CROACIA, SERBIA, BOSNIA Y HERZEGOVINA, MONTENEGRO, KOSOVO<\/a><\/li>\n<li><a href=\"https:\/\/copex.com\/es\/socios\/seg-engineering-ou\/\">SEG ENGINEERING O\u00dc<\/a><\/li>\n<li><a href=\"https:\/\/copex.com\/es\/socios\/mobile-heavy-machinery-uab-mhm\/\">MOBILE HEAVY MACHINERY UAB (MHM) - ESTONIA, LETONIA, LITUANIA<\/a><\/li>\n<li><a href=\"https:\/\/copex.com\/es\/socios\/recuperma-bvba\/\">RECUPERMA BVBA - PA\u00cdSES BAJOS, B\u00c9LGICA DE HABLA NEERLANDESA<\/a><\/li>\n<li><a href=\"https:\/\/copex.com\/es\/socios\/treppo-group-pty-limited\/\">TREPPO GROUP (Pty) LIMITED - SUD\u00c1FRICA<\/a><\/li>\n<li><a href=\"https:\/\/copex.com\/es\/socios\/viggo-bendz\/\">VIGGO BENDZ<\/a><\/li>\n<li><a href=\"https:\/\/copex.com\/es\/socios\/west-baumaschinem\/\">WEST BAUMASCHINEN - AFGANIST\u00c1N, ARABIA SAUD\u00cd, BAHREIN, EGIPTO,EMIRATOS \u00c1RABES UNIDOS, JORDANIA, KUWAIT, L\u00cdBANO, OM\u00c1N, QATAR, YEMEN<\/a><\/li>\n<li><a href=\"https:\/\/copex.com\/es\/socios\/z-u-h-pakiet-ewa-rzeszutek\/\">Z.U.H PAKIET EWA RZESZUTEK<\/a><\/li>\n<li><a href=\"https:\/\/copex.com\/es\/socios\/zold-gepezet-ltd\/\">ZOLD GEPEZET LTD - HUNGR\u00cdA, RUMAN\u00cdA<\/a><\/li>\n<li><a href=\"https:\/\/copex.com\/es\/socios\/nexus-heavy-plant-services-ltd\/\">NEXUS Heavy Plant Services Ltd - IRLANDA<\/a><\/li>\n<li><a href=\"https:\/\/copex.com\/es\/socios\/lefort-uk-limited\/\">LEFORT UK Limited - REINO UNIDO<\/a><\/li>\n<li><a href=\"https:\/\/copex.com\/es\/socios\/lefort-america\/\">LEFORT America - ESTADOS UNIDOS, CANAD\u00c1, M\u00c9XICO, BRASIL<\/a><\/li>\n<li><a href=\"https:\/\/copex.com\/es\/socios\/express-service-engineering-ltd-esel\/\">Express Service Engineering Ltd (ESEL)<\/a><\/li>\n<li><a href=\"https:\/\/copex.com\/es\/socios\/kozaglobal\/\">KOZAGLOBAL - TURQU\u00cdA<\/a><\/li>\n<li><a href=\"https:\/\/copex.com\/es\/socios\/ooo-specmarket-ru\/\">LLC Spetsmarket-M - RUSIA<\/a><\/li>\n<li><a href=\"https:\/\/copex.com\/es\/socios\/mhm-ukraine-universal-service\/\">MHM Ukraine (Universal Service)<\/a><\/li>\n<li><a href=\"https:\/\/copex.com\/es\/socios\/mh-recycling-ltd\/\">MHM Ukraine Ltd. - UKRAINE<\/a><\/li>\n<li><a href=\"https:\/\/copex.com\/es\/socios\/pacific-materials-handling\/\">Metquip Rentals PTy Ltd - AUSTRALIA, NUEVA ZELANDA<\/a><\/li>\n<li><a href=\"https:\/\/copex.com\/es\/socios\/copex-vertriebsburo\/\">LEFORT Deutschland - Alemania, Austria, Suiza<\/a><\/li>\n<\/ul>\n<h2 class=\"wsp-evenement_types-title\">Types<\/h2>\n<ul class=\"wsp-evenement_types-list\">\n<li><a href=\"https:\/\/copex.com\/es\/evenement_type\/salon-2-es\/\">Salon \/ Trade Fair<\/a><\/li>\n<\/ul>\n<\/div>\n","protected":false},"excerpt":{"rendered":"","protected":false},"author":1,"featured_media":0,"parent":0,"menu_order":0,"comment_status":"closed","ping_status":"closed","template":"","meta":{"_acf_changed":false,"content-type":"","footnotes":""},"class_list":["post-5442","page","type-page","status-publish","hentry"],"acf":[],"yoast_head":"<!-- This site is optimized with the Yoast SEO plugin v27.4 - https:\/\/yoast.com\/product\/yoast-seo-wordpress\/ -->\n<title>Plano del sitio - Copex<\/title>\n<meta name=\"robots\" content=\"index, follow, max-snippet:-1, max-image-preview:large, max-video-preview:-1\" \/>\n<link rel=\"canonical\" href=\"https:\/\/copex.com\/es\/plano-del-sitio\/\" \/>\n<meta property=\"og:locale\" content=\"es_ES\" \/>\n<meta property=\"og:type\" content=\"article\" \/>\n<meta property=\"og:title\" content=\"Plano del sitio - Copex\" \/>\n<meta property=\"og:url\" content=\"https:\/\/copex.com\/es\/plano-del-sitio\/\" \/>\n<meta property=\"og:site_name\" content=\"Copex\" \/>\n<meta property=\"article:modified_time\" content=\"2020-07-01T13:38:12+00:00\" \/>\n<meta name=\"twitter:card\" content=\"summary_large_image\" \/>\n<script type=\"application\/ld+json\" class=\"yoast-schema-graph\">{\"@context\":\"https:\\\/\\\/schema.org\",\"@graph\":[{\"@type\":\"WebPage\",\"@id\":\"https:\\\/\\\/copex.com\\\/es\\\/plano-del-sitio\\\/\",\"url\":\"https:\\\/\\\/copex.com\\\/es\\\/plano-del-sitio\\\/\",\"name\":\"Plano del sitio - Copex\",\"isPartOf\":{\"@id\":\"https:\\\/\\\/copex.com\\\/es\\\/#website\"},\"datePublished\":\"2019-11-12T11:22:35+00:00\",\"dateModified\":\"2020-07-01T13:38:12+00:00\",\"breadcrumb\":{\"@id\":\"https:\\\/\\\/copex.com\\\/es\\\/plano-del-sitio\\\/#breadcrumb\"},\"inLanguage\":\"es\",\"potentialAction\":[{\"@type\":\"ReadAction\",\"target\":[\"https:\\\/\\\/copex.com\\\/es\\\/plano-del-sitio\\\/\"]}]},{\"@type\":\"BreadcrumbList\",\"@id\":\"https:\\\/\\\/copex.com\\\/es\\\/plano-del-sitio\\\/#breadcrumb\",\"itemListElement\":[{\"@type\":\"ListItem\",\"position\":1,\"name\":\"Home\",\"item\":\"https:\\\/\\\/copex.com\\\/es\\\/\"},{\"@type\":\"ListItem\",\"position\":2,\"name\":\"Plano del sitio\"}]},{\"@type\":\"WebSite\",\"@id\":\"https:\\\/\\\/copex.com\\\/es\\\/#website\",\"url\":\"https:\\\/\\\/copex.com\\\/es\\\/\",\"name\":\"Copex\",\"description\":\"Un site utilisant WordPress\",\"publisher\":{\"@id\":\"https:\\\/\\\/copex.com\\\/es\\\/#organization\"},\"potentialAction\":[{\"@type\":\"SearchAction\",\"target\":{\"@type\":\"EntryPoint\",\"urlTemplate\":\"https:\\\/\\\/copex.com\\\/es\\\/?s={search_term_string}\"},\"query-input\":{\"@type\":\"PropertyValueSpecification\",\"valueRequired\":true,\"valueName\":\"search_term_string\"}}],\"inLanguage\":\"es\"},{\"@type\":\"Organization\",\"@id\":\"https:\\\/\\\/copex.com\\\/es\\\/#organization\",\"name\":\"copex\",\"url\":\"https:\\\/\\\/copex.com\\\/es\\\/\",\"logo\":{\"@type\":\"ImageObject\",\"inLanguage\":\"es\",\"@id\":\"https:\\\/\\\/copex.com\\\/es\\\/#\\\/schema\\\/logo\\\/image\\\/\",\"url\":\"https:\\\/\\\/copex.com\\\/wp-content\\\/uploads\\\/2020\\\/03\\\/cropped-Logo-COPEX-@x2.jpg\",\"contentUrl\":\"https:\\\/\\\/copex.com\\\/wp-content\\\/uploads\\\/2020\\\/03\\\/cropped-Logo-COPEX-@x2.jpg\",\"width\":457,\"height\":100,\"caption\":\"copex\"},\"image\":{\"@id\":\"https:\\\/\\\/copex.com\\\/es\\\/#\\\/schema\\\/logo\\\/image\\\/\"}}]}<\/script>\n<!-- \/ Yoast SEO plugin. -->","yoast_head_json":{"title":"Plano del sitio - Copex","robots":{"index":"index","follow":"follow","max-snippet":"max-snippet:-1","max-image-preview":"max-image-preview:large","max-video-preview":"max-video-preview:-1"},"canonical":"https:\/\/copex.com\/es\/plano-del-sitio\/","og_locale":"es_ES","og_type":"article","og_title":"Plano del sitio - Copex","og_url":"https:\/\/copex.com\/es\/plano-del-sitio\/","og_site_name":"Copex","article_modified_time":"2020-07-01T13:38:12+00:00","twitter_card":"summary_large_image","schema":{"@context":"https:\/\/schema.org","@graph":[{"@type":"WebPage","@id":"https:\/\/copex.com\/es\/plano-del-sitio\/","url":"https:\/\/copex.com\/es\/plano-del-sitio\/","name":"Plano del sitio - Copex","isPartOf":{"@id":"https:\/\/copex.com\/es\/#website"},"datePublished":"2019-11-12T11:22:35+00:00","dateModified":"2020-07-01T13:38:12+00:00","breadcrumb":{"@id":"https:\/\/copex.com\/es\/plano-del-sitio\/#breadcrumb"},"inLanguage":"es","potentialAction":[{"@type":"ReadAction","target":["https:\/\/copex.com\/es\/plano-del-sitio\/"]}]},{"@type":"BreadcrumbList","@id":"https:\/\/copex.com\/es\/plano-del-sitio\/#breadcrumb","itemListElement":[{"@type":"ListItem","position":1,"name":"Home","item":"https:\/\/copex.com\/es\/"},{"@type":"ListItem","position":2,"name":"Plano del sitio"}]},{"@type":"WebSite","@id":"https:\/\/copex.com\/es\/#website","url":"https:\/\/copex.com\/es\/","name":"Copex","description":"Un site utilisant WordPress","publisher":{"@id":"https:\/\/copex.com\/es\/#organization"},"potentialAction":[{"@type":"SearchAction","target":{"@type":"EntryPoint","urlTemplate":"https:\/\/copex.com\/es\/?s={search_term_string}"},"query-input":{"@type":"PropertyValueSpecification","valueRequired":true,"valueName":"search_term_string"}}],"inLanguage":"es"},{"@type":"Organization","@id":"https:\/\/copex.com\/es\/#organization","name":"copex","url":"https:\/\/copex.com\/es\/","logo":{"@type":"ImageObject","inLanguage":"es","@id":"https:\/\/copex.com\/es\/#\/schema\/logo\/image\/","url":"https:\/\/copex.com\/wp-content\/uploads\/2020\/03\/cropped-Logo-COPEX-@x2.jpg","contentUrl":"https:\/\/copex.com\/wp-content\/uploads\/2020\/03\/cropped-Logo-COPEX-@x2.jpg","width":457,"height":100,"caption":"copex"},"image":{"@id":"https:\/\/copex.com\/es\/#\/schema\/logo\/image\/"}}]}},"_links":{"self":[{"href":"https:\/\/copex.com\/es\/wp-json\/wp\/v2\/pages\/5442","targetHints":{"allow":["GET"]}}],"collection":[{"href":"https:\/\/copex.com\/es\/wp-json\/wp\/v2\/pages"}],"about":[{"href":"https:\/\/copex.com\/es\/wp-json\/wp\/v2\/types\/page"}],"author":[{"embeddable":true,"href":"https:\/\/copex.com\/es\/wp-json\/wp\/v2\/users\/1"}],"replies":[{"embeddable":true,"href":"https:\/\/copex.com\/es\/wp-json\/wp\/v2\/comments?post=5442"}],"version-history":[{"count":1,"href":"https:\/\/copex.com\/es\/wp-json\/wp\/v2\/pages\/5442\/revisions"}],"predecessor-version":[{"id":5443,"href":"https:\/\/copex.com\/es\/wp-json\/wp\/v2\/pages\/5442\/revisions\/5443"}],"wp:attachment":[{"href":"https:\/\/copex.com\/es\/wp-json\/wp\/v2\/media?parent=5442"}],"curies":[{"name":"wp","href":"https:\/\/api.w.org\/{rel}","templated":true}]}}