{"id":4970,"date":"2020-03-24T11:08:12","date_gmt":"2020-03-24T10:08:12","guid":{"rendered":"https:\/\/copex.com\/empresa\/"},"modified":"2022-05-12T09:04:57","modified_gmt":"2022-05-12T07:04:57","slug":"empresa","status":"publish","type":"page","link":"https:\/\/copex.com\/es\/empresa\/","title":{"rendered":"Empresa"},"content":{"rendered":"\n<h2 class=\"has-text-align-left wp-block-heading\"><p><strong>Nuestra historia en unas fechas significativas<\/strong><\/p><\/h2>\n\n\n\n<hr class=\"wp-block-separator is-style-wide\" \/>\n\n\n\n<div style=\"height:30px\" aria-hidden=\"true\" class=\"wp-block-spacer\"><\/div>\n\n\n\n<div class=\"wp-block-image\"><figure class=\"aligncenter size-large\"><img decoding=\"async\" width=\"1024\" height=\"1024\" src=\"https:\/\/copex.com\/wp-content\/uploads\/2020\/03\/Frise_1240x1240_2021_sept_GB-1024x1024.png\" alt=\"\" class=\"wp-image-7164\" srcset=\"https:\/\/copex.com\/wp-content\/uploads\/2020\/03\/Frise_1240x1240_2021_sept_GB-1024x1024.png 1024w, https:\/\/copex.com\/wp-content\/uploads\/2020\/03\/Frise_1240x1240_2021_sept_GB-300x300.png 300w, https:\/\/copex.com\/wp-content\/uploads\/2020\/03\/Frise_1240x1240_2021_sept_GB-150x150.png 150w, https:\/\/copex.com\/wp-content\/uploads\/2020\/03\/Frise_1240x1240_2021_sept_GB-768x768.png 768w, https:\/\/copex.com\/wp-content\/uploads\/2020\/03\/Frise_1240x1240_2021_sept_GB-1200x1200.png 1200w, https:\/\/copex.com\/wp-content\/uploads\/2020\/03\/Frise_1240x1240_2021_sept_GB.png 1240w\" sizes=\"(max-width: 1024px) 100vw, 1024px\" \/><\/figure><\/div>\n\n\n\n<div style=\"height:50px\" aria-hidden=\"true\" class=\"wp-block-spacer\"><\/div>\n\n\n\n<h2 class=\"wp-block-heading\">Hecho en Francia<\/h2>\n\n\n\n<hr class=\"wp-block-separator is-style-wide\" \/>\n\n\n\n<div style=\"height:30px\" aria-hidden=\"true\" class=\"wp-block-spacer\"><\/div>\n\n\n\n<div class=\"wp-block-columns is-layout-flex wp-container-core-columns-is-layout-9d6595d7 wp-block-columns-is-layout-flex\">\n<div class=\"wp-block-column is-layout-flow wp-block-column-is-layout-flow\">\n<figure class=\"wp-block-image size-large\"><img decoding=\"async\" width=\"1024\" height=\"681\" src=\"https:\/\/copex.com\/wp-content\/uploads\/2020\/03\/Copex-usine-34-1024x681.jpg\" alt=\"\" class=\"wp-image-2308\" srcset=\"https:\/\/copex.com\/wp-content\/uploads\/2020\/03\/Copex-usine-34-1024x681.jpg 1024w, https:\/\/copex.com\/wp-content\/uploads\/2020\/03\/Copex-usine-34-300x200.jpg 300w, https:\/\/copex.com\/wp-content\/uploads\/2020\/03\/Copex-usine-34-768x511.jpg 768w, https:\/\/copex.com\/wp-content\/uploads\/2020\/03\/Copex-usine-34-1536x1022.jpg 1536w, https:\/\/copex.com\/wp-content\/uploads\/2020\/03\/Copex-usine-34-2048x1363.jpg 2048w, https:\/\/copex.com\/wp-content\/uploads\/2020\/03\/Copex-usine-34-1200x798.jpg 1200w\" sizes=\"(max-width: 1024px) 100vw, 1024px\" \/><\/figure>\n<\/div>\n\n\n\n<div class=\"wp-block-column is-layout-flow wp-block-column-is-layout-flow\">\n<p><p>Siempre hemos conservado <strong>el control total de los procesos de fabricaci\u00f3n<\/strong> de m\u00e1quinas y piezas en nuestra planta de Caudan, en Francia, donde trabajan unos 100 empleados.<\/p><\/p>\n\n\n\n<p>Aqu\u00ed fabricamos y ensamblamos completamente cada una de nuestras m\u00e1quinas, permiti\u00e9ndonos probarlas y hacerlas fiables antes de que se vayan a su sitio. <\/p>\n\n\n\n<p><p>S\u00f3lo as\u00ed podemos <strong>garantizar la calidad de la maquinaria que fabricamos.<\/strong><\/p><\/p>\n\n\n\n<p><p>Como empresa <strong>a escala humana,<\/strong> podemos ofrecer la flexibilidad necesaria para proponer <strong>la soluci\u00f3n que mejor se adapte a las necesidades espec\u00edficas de nuestros clientes<\/strong>.<\/p><\/p>\n\n\n\n<p><p>Tambi\u00e9n tenemos la capacidad de responder <strong>r\u00e1pidamente<\/strong> y con <strong>perfecta trazabilidad<\/strong> a sus necesidades, en particular para las reparaciones urgentes.<\/p><\/p>\n<\/div>\n<\/div>\n\n\n\n<p><p>E<strong>sta estrategia de producir localmente es un\u00e1nimemente valorada por nuestros clientes<\/strong>, que aprecian poder venir a recibir sus m\u00e1quinas en nuestras instalaciones.<\/p><\/p>\n\n\n\n<div style=\"height:50px\" aria-hidden=\"true\" class=\"wp-block-spacer\"><\/div>\n\n\n\n<h2 class=\"has-text-align-left wp-block-heading\"><p><strong>Diversificaci\u00f3n asumida<\/strong><\/p>\r\n<p>&nbsp;<\/p><\/h2>\n\n\n\n<hr class=\"wp-block-separator is-style-wide\" \/>\n\n\n\n<div style=\"height:30px\" aria-hidden=\"true\" class=\"wp-block-spacer\"><\/div>\n\n\n\n<p><p>La fabricaci\u00f3n de cizallas y prensas es la actividad hist\u00f3rica de nuestra empresa. Damos mucha importancia a <strong>escuchar a los quienes que trabajan con nuestras m\u00e1quinas<\/strong> y <strong>siempre tuvimos la motivaci\u00f3n de adaptarnos a la evoluci\u00f3n del mercado<\/strong>. Por eso nos entendemos como el <strong>socio preferido de los recicladores de chatarra y metales y de los aceristas<\/strong>. Conscientes de que nuestros conocimientos y experiencia pueden utilizarse en otras aplicaciones, hemos desarrollado nuevas soluciones de compactaci\u00f3n para <strong>sectores alternativos que conocen un r\u00e1pido crecimiento<\/strong>:<\/p><\/p>\n\n\n\n<div style=\"height:20px\" aria-hidden=\"true\" class=\"wp-block-spacer\"><\/div>\n\n\n\n<div class=\"wp-block-columns is-layout-flex wp-container-core-columns-is-layout-9d6595d7 wp-block-columns-is-layout-flex\">\n<div class=\"wp-block-column is-layout-flow wp-block-column-is-layout-flow\">\n<ul class=\"wp-block-list\"><li><p><strong>Sector agr\u00edcola<\/strong>: Suministramos prensas empacadoras para la compactaci\u00f3n de alfalfa, paja y otras fibras agr\u00edcolas, principalmente para la exportaci\u00f3n.<\/p><\/li><li><p><strong>Industria del reciclaje de residuos dom\u00e9sticos<\/strong>: Nuestras prensas se utilizaron por primera vez para empacar residuos dom\u00e9sticos sin clasificar destinados a vertederos. A medida que han aparecido nuevos canales de reciclaje, hemos desarrollado un enfoque multimaterial ofreciendo prensas capaces de manejar la gran mayor\u00eda de los residuos comprimibles.<\/p><\/li><li><p><strong>Industria nuclear<\/strong>: Para responder a la creciente necesidad de acondicionamiento de los residuos de explotaci\u00f3n y de desmantelamiento de la actividad nuclear, hemos adaptado nuestras m\u00e1quinas a las aplicaciones espec\u00edficas de esta industria, con referencias prestigiosas.<\/p><\/li><li><p><strong>Otras aplicaciones industriales<\/strong>: Las empresas de la industria automovil\u00edstica, manufacturera o alimentaria tambi\u00e9n son usuarias de las m\u00e1quinas COPEX para recuperar sus desechos de producci\u00f3n y residuos industriales, principalmente mediante la producci\u00f3n de fardos.<\/p><\/li><\/ul>\n\n\n\n<div style=\"height:30px\" aria-hidden=\"true\" class=\"wp-block-spacer\"><\/div>\n<\/div>\n\n\n\n<div class=\"wp-block-column is-layout-flow wp-block-column-is-layout-flow\">\n<figure class=\"wp-block-image size-large\"><img decoding=\"async\" width=\"2300\" height=\"1535\" src=\"https:\/\/copex.com\/wp-content\/uploads\/2020\/03\/Presse-\u00e0-balles-PMM-25-scaled.jpg\" alt=\"\" class=\"wp-image-1330\" \/><\/figure>\n<\/div>\n<\/div>\n\n\n\n<figure class=\"wp-block-image alignfull size-large\"><img decoding=\"async\" width=\"1024\" height=\"326\" src=\"https:\/\/copex.com\/wp-content\/uploads\/2020\/03\/COPEX-ENTIER-APLATI-1024x326.jpg\" alt=\"\" class=\"wp-image-3362\" srcset=\"https:\/\/copex.com\/wp-content\/uploads\/2020\/03\/COPEX-ENTIER-APLATI-1024x326.jpg 1024w, https:\/\/copex.com\/wp-content\/uploads\/2020\/03\/COPEX-ENTIER-APLATI-300x96.jpg 300w, https:\/\/copex.com\/wp-content\/uploads\/2020\/03\/COPEX-ENTIER-APLATI-768x245.jpg 768w, https:\/\/copex.com\/wp-content\/uploads\/2020\/03\/COPEX-ENTIER-APLATI-1536x489.jpg 1536w, https:\/\/copex.com\/wp-content\/uploads\/2020\/03\/COPEX-ENTIER-APLATI-2048x652.jpg 2048w, https:\/\/copex.com\/wp-content\/uploads\/2020\/03\/COPEX-ENTIER-APLATI-1200x382.jpg 1200w\" sizes=\"(max-width: 1024px) 100vw, 1024px\" \/><\/figure>\n\n\n\n<div style=\"height:50px\" aria-hidden=\"true\" class=\"wp-block-spacer\"><\/div>\n\n\n\n<h2 class=\"has-text-align-left wp-block-heading\"><strong>Importancia de la I+D<\/strong><\/h2>\n\n\n\n<hr class=\"wp-block-separator is-style-wide\" \/>\n\n\n\n<div style=\"height:30px\" aria-hidden=\"true\" class=\"wp-block-spacer\"><\/div>\n\n\n\n<p>A lo largo de los a\u00f1os, la actividad de investigaci\u00f3n y desarrollo ha crecido significativamente dentro de nuestra empresa. <\/p>\n\n\n\n<p>La oficina de dise\u00f1o, que ha duplicado su personal en el espacio de unos pocos a\u00f1os, est\u00e1 formada por ingenieros y t\u00e9cnicos con competencias diversificadas y complementarias en hidr\u00e1ulica, mec\u00e1nica y automatizaci\u00f3n.<\/p>\n\n\n\n<p><p><strong>Desde 2011, hemos renovado todas nuestras gamas de prensas y cizallas proporcionando soluciones innovadoras y patentadas.<\/strong><\/p><\/p>\n\n\n\n<p>Los conocimientos t\u00e9cnicos de nuestro equipo son ampliamente reconocidos, por ejemplo en el sector nuclear, cuyos exigentes requisitos son bien conocidos.<\/p>\n\n\n\n<p><p>COPEX tiene una gran ventaja: <strong>como dise\u00f1ador-constructor, la empresa ofrece la proximidad necesaria entre los que fabrican las m\u00e1quinas y los que son responsables de desarrollarlas y adaptarlas.\u00a0<\/strong><\/p><\/p>\n\n\n\n<p>Nuestra oficina de dise\u00f1o tambi\u00e9n conoce la realidad de los clientes. En el marco de nuestro plan de calidad hemos establecido un sistema de intercambio de informaci\u00f3n con el servicio postventa que est\u00e1 presente sobre el terreno.<\/p>\n\n\n\n<p><p>Desde hace varios a\u00f1os hemos trabajado duro para poder procesar la informaci\u00f3n facilitada por nuestros clientes e<strong> implementar soluciones r\u00e1pidamente. Hemos aprendido a ser muy reactivos.<\/strong><\/p><\/p>\n\n\n\n<div style=\"height:30px\" aria-hidden=\"true\" class=\"wp-block-spacer\"><\/div>\n\n\n\n<div style=\"height:30px\" aria-hidden=\"true\" class=\"wp-block-spacer\"><\/div>\n\n\n\n<figure class=\"wp-block-image alignfull size-large\"><img decoding=\"async\" width=\"1024\" height=\"346\" src=\"https:\/\/copex.com\/wp-content\/uploads\/2020\/03\/Photo-BE-1024x346.jpg\" alt=\"\" class=\"wp-image-2559\" srcset=\"https:\/\/copex.com\/wp-content\/uploads\/2020\/03\/Photo-BE-1024x346.jpg 1024w, https:\/\/copex.com\/wp-content\/uploads\/2020\/03\/Photo-BE-300x101.jpg 300w, https:\/\/copex.com\/wp-content\/uploads\/2020\/03\/Photo-BE-768x260.jpg 768w, https:\/\/copex.com\/wp-content\/uploads\/2020\/03\/Photo-BE-1536x519.jpg 1536w, https:\/\/copex.com\/wp-content\/uploads\/2020\/03\/Photo-BE-1200x406.jpg 1200w, https:\/\/copex.com\/wp-content\/uploads\/2020\/03\/Photo-BE.jpg 1908w\" sizes=\"(max-width: 1024px) 100vw, 1024px\" \/><\/figure>\n\n\n\n<div style=\"height:30px\" aria-hidden=\"true\" class=\"wp-block-spacer\"><\/div>\n","protected":false},"excerpt":{"rendered":"<p>M\u00e1s de 70 a\u00f1os de experiencia<\/p>\n","protected":false},"author":1,"featured_media":0,"parent":0,"menu_order":0,"comment_status":"closed","ping_status":"closed","template":"","meta":{"_acf_changed":false,"content-type":"","footnotes":""},"class_list":["post-4970","page","type-page","status-publish","hentry"],"acf":[],"yoast_head":"<!-- This site is optimized with the Yoast SEO plugin v27.3 - https:\/\/yoast.com\/product\/yoast-seo-wordpress\/ -->\n<title>Copex, en Caudan (56) en Francia<\/title>\n<meta name=\"description\" content=\"A pesar de su presencia internacional, la compa\u00f1\u00eda Copex retiene el control de una producci\u00f3n Made in France que emplea a unos cien empleados.\" \/>\n<meta name=\"robots\" content=\"index, follow, max-snippet:-1, max-image-preview:large, max-video-preview:-1\" \/>\n<link rel=\"canonical\" href=\"https:\/\/copex.com\/es\/empresa\/\" \/>\n<meta property=\"og:locale\" content=\"es_ES\" \/>\n<meta property=\"og:type\" content=\"article\" \/>\n<meta property=\"og:title\" content=\"Copex, en Caudan (56) en Francia\" \/>\n<meta property=\"og:description\" content=\"A pesar de su presencia internacional, la compa\u00f1\u00eda Copex retiene el control de una producci\u00f3n Made in France que emplea a unos cien empleados.\" \/>\n<meta property=\"og:url\" content=\"https:\/\/copex.com\/es\/empresa\/\" \/>\n<meta property=\"og:site_name\" content=\"Copex\" \/>\n<meta property=\"article:modified_time\" content=\"2022-05-12T07:04:57+00:00\" \/>\n<meta property=\"og:image\" content=\"https:\/\/copex.com\/wp-content\/uploads\/2020\/03\/Frise_1240x1240_2021_sept_GB-1024x1024.png\" \/>\n<meta name=\"twitter:card\" content=\"summary_large_image\" \/>\n<meta name=\"twitter:label1\" content=\"Tiempo de lectura\" \/>\n\t<meta name=\"twitter:data1\" content=\"4 minutos\" \/>\n<script type=\"application\/ld+json\" class=\"yoast-schema-graph\">{\"@context\":\"https:\\\/\\\/schema.org\",\"@graph\":[{\"@type\":\"WebPage\",\"@id\":\"https:\\\/\\\/copex.com\\\/es\\\/empresa\\\/\",\"url\":\"https:\\\/\\\/copex.com\\\/es\\\/empresa\\\/\",\"name\":\"Copex, en Caudan (56) en Francia\",\"isPartOf\":{\"@id\":\"https:\\\/\\\/copex.com\\\/es\\\/#website\"},\"primaryImageOfPage\":{\"@id\":\"https:\\\/\\\/copex.com\\\/es\\\/empresa\\\/#primaryimage\"},\"image\":{\"@id\":\"https:\\\/\\\/copex.com\\\/es\\\/empresa\\\/#primaryimage\"},\"thumbnailUrl\":\"https:\\\/\\\/copex.com\\\/wp-content\\\/uploads\\\/2020\\\/03\\\/Frise_1240x1240_2021_sept_GB-1024x1024.png\",\"datePublished\":\"2020-03-24T10:08:12+00:00\",\"dateModified\":\"2022-05-12T07:04:57+00:00\",\"description\":\"A pesar de su presencia internacional, la compa\u00f1\u00eda Copex retiene el control de una producci\u00f3n Made in France que emplea a unos cien empleados.\",\"breadcrumb\":{\"@id\":\"https:\\\/\\\/copex.com\\\/es\\\/empresa\\\/#breadcrumb\"},\"inLanguage\":\"es\",\"potentialAction\":[{\"@type\":\"ReadAction\",\"target\":[\"https:\\\/\\\/copex.com\\\/es\\\/empresa\\\/\"]}]},{\"@type\":\"ImageObject\",\"inLanguage\":\"es\",\"@id\":\"https:\\\/\\\/copex.com\\\/es\\\/empresa\\\/#primaryimage\",\"url\":\"https:\\\/\\\/copex.com\\\/wp-content\\\/uploads\\\/2020\\\/03\\\/Frise_1240x1240_2021_sept_GB-1024x1024.png\",\"contentUrl\":\"https:\\\/\\\/copex.com\\\/wp-content\\\/uploads\\\/2020\\\/03\\\/Frise_1240x1240_2021_sept_GB-1024x1024.png\"},{\"@type\":\"BreadcrumbList\",\"@id\":\"https:\\\/\\\/copex.com\\\/es\\\/empresa\\\/#breadcrumb\",\"itemListElement\":[{\"@type\":\"ListItem\",\"position\":1,\"name\":\"Home\",\"item\":\"https:\\\/\\\/copex.com\\\/es\\\/\"},{\"@type\":\"ListItem\",\"position\":2,\"name\":\"Empresa\"}]},{\"@type\":\"WebSite\",\"@id\":\"https:\\\/\\\/copex.com\\\/es\\\/#website\",\"url\":\"https:\\\/\\\/copex.com\\\/es\\\/\",\"name\":\"Copex\",\"description\":\"Un site utilisant WordPress\",\"publisher\":{\"@id\":\"https:\\\/\\\/copex.com\\\/es\\\/#organization\"},\"potentialAction\":[{\"@type\":\"SearchAction\",\"target\":{\"@type\":\"EntryPoint\",\"urlTemplate\":\"https:\\\/\\\/copex.com\\\/es\\\/?s={search_term_string}\"},\"query-input\":{\"@type\":\"PropertyValueSpecification\",\"valueRequired\":true,\"valueName\":\"search_term_string\"}}],\"inLanguage\":\"es\"},{\"@type\":\"Organization\",\"@id\":\"https:\\\/\\\/copex.com\\\/es\\\/#organization\",\"name\":\"copex\",\"url\":\"https:\\\/\\\/copex.com\\\/es\\\/\",\"logo\":{\"@type\":\"ImageObject\",\"inLanguage\":\"es\",\"@id\":\"https:\\\/\\\/copex.com\\\/es\\\/#\\\/schema\\\/logo\\\/image\\\/\",\"url\":\"https:\\\/\\\/copex.com\\\/wp-content\\\/uploads\\\/2020\\\/03\\\/cropped-Logo-COPEX-@x2.jpg\",\"contentUrl\":\"https:\\\/\\\/copex.com\\\/wp-content\\\/uploads\\\/2020\\\/03\\\/cropped-Logo-COPEX-@x2.jpg\",\"width\":457,\"height\":100,\"caption\":\"copex\"},\"image\":{\"@id\":\"https:\\\/\\\/copex.com\\\/es\\\/#\\\/schema\\\/logo\\\/image\\\/\"}}]}<\/script>\n<!-- \/ Yoast SEO plugin. -->","yoast_head_json":{"title":"Copex, en Caudan (56) en Francia","description":"A pesar de su presencia internacional, la compa\u00f1\u00eda Copex retiene el control de una producci\u00f3n Made in France que emplea a unos cien empleados.","robots":{"index":"index","follow":"follow","max-snippet":"max-snippet:-1","max-image-preview":"max-image-preview:large","max-video-preview":"max-video-preview:-1"},"canonical":"https:\/\/copex.com\/es\/empresa\/","og_locale":"es_ES","og_type":"article","og_title":"Copex, en Caudan (56) en Francia","og_description":"A pesar de su presencia internacional, la compa\u00f1\u00eda Copex retiene el control de una producci\u00f3n Made in France que emplea a unos cien empleados.","og_url":"https:\/\/copex.com\/es\/empresa\/","og_site_name":"Copex","article_modified_time":"2022-05-12T07:04:57+00:00","og_image":[{"url":"https:\/\/copex.com\/wp-content\/uploads\/2020\/03\/Frise_1240x1240_2021_sept_GB-1024x1024.png","type":"","width":"","height":""}],"twitter_card":"summary_large_image","twitter_misc":{"Tiempo de lectura":"4 minutos"},"schema":{"@context":"https:\/\/schema.org","@graph":[{"@type":"WebPage","@id":"https:\/\/copex.com\/es\/empresa\/","url":"https:\/\/copex.com\/es\/empresa\/","name":"Copex, en Caudan (56) en Francia","isPartOf":{"@id":"https:\/\/copex.com\/es\/#website"},"primaryImageOfPage":{"@id":"https:\/\/copex.com\/es\/empresa\/#primaryimage"},"image":{"@id":"https:\/\/copex.com\/es\/empresa\/#primaryimage"},"thumbnailUrl":"https:\/\/copex.com\/wp-content\/uploads\/2020\/03\/Frise_1240x1240_2021_sept_GB-1024x1024.png","datePublished":"2020-03-24T10:08:12+00:00","dateModified":"2022-05-12T07:04:57+00:00","description":"A pesar de su presencia internacional, la compa\u00f1\u00eda Copex retiene el control de una producci\u00f3n Made in France que emplea a unos cien empleados.","breadcrumb":{"@id":"https:\/\/copex.com\/es\/empresa\/#breadcrumb"},"inLanguage":"es","potentialAction":[{"@type":"ReadAction","target":["https:\/\/copex.com\/es\/empresa\/"]}]},{"@type":"ImageObject","inLanguage":"es","@id":"https:\/\/copex.com\/es\/empresa\/#primaryimage","url":"https:\/\/copex.com\/wp-content\/uploads\/2020\/03\/Frise_1240x1240_2021_sept_GB-1024x1024.png","contentUrl":"https:\/\/copex.com\/wp-content\/uploads\/2020\/03\/Frise_1240x1240_2021_sept_GB-1024x1024.png"},{"@type":"BreadcrumbList","@id":"https:\/\/copex.com\/es\/empresa\/#breadcrumb","itemListElement":[{"@type":"ListItem","position":1,"name":"Home","item":"https:\/\/copex.com\/es\/"},{"@type":"ListItem","position":2,"name":"Empresa"}]},{"@type":"WebSite","@id":"https:\/\/copex.com\/es\/#website","url":"https:\/\/copex.com\/es\/","name":"Copex","description":"Un site utilisant WordPress","publisher":{"@id":"https:\/\/copex.com\/es\/#organization"},"potentialAction":[{"@type":"SearchAction","target":{"@type":"EntryPoint","urlTemplate":"https:\/\/copex.com\/es\/?s={search_term_string}"},"query-input":{"@type":"PropertyValueSpecification","valueRequired":true,"valueName":"search_term_string"}}],"inLanguage":"es"},{"@type":"Organization","@id":"https:\/\/copex.com\/es\/#organization","name":"copex","url":"https:\/\/copex.com\/es\/","logo":{"@type":"ImageObject","inLanguage":"es","@id":"https:\/\/copex.com\/es\/#\/schema\/logo\/image\/","url":"https:\/\/copex.com\/wp-content\/uploads\/2020\/03\/cropped-Logo-COPEX-@x2.jpg","contentUrl":"https:\/\/copex.com\/wp-content\/uploads\/2020\/03\/cropped-Logo-COPEX-@x2.jpg","width":457,"height":100,"caption":"copex"},"image":{"@id":"https:\/\/copex.com\/es\/#\/schema\/logo\/image\/"}}]}},"_links":{"self":[{"href":"https:\/\/copex.com\/es\/wp-json\/wp\/v2\/pages\/4970","targetHints":{"allow":["GET"]}}],"collection":[{"href":"https:\/\/copex.com\/es\/wp-json\/wp\/v2\/pages"}],"about":[{"href":"https:\/\/copex.com\/es\/wp-json\/wp\/v2\/types\/page"}],"author":[{"embeddable":true,"href":"https:\/\/copex.com\/es\/wp-json\/wp\/v2\/users\/1"}],"replies":[{"embeddable":true,"href":"https:\/\/copex.com\/es\/wp-json\/wp\/v2\/comments?post=4970"}],"version-history":[{"count":8,"href":"https:\/\/copex.com\/es\/wp-json\/wp\/v2\/pages\/4970\/revisions"}],"predecessor-version":[{"id":7168,"href":"https:\/\/copex.com\/es\/wp-json\/wp\/v2\/pages\/4970\/revisions\/7168"}],"wp:attachment":[{"href":"https:\/\/copex.com\/es\/wp-json\/wp\/v2\/media?parent=4970"}],"curies":[{"name":"wp","href":"https:\/\/api.w.org\/{rel}","templated":true}]}}