{"id":4923,"date":"2019-11-12T12:22:34","date_gmt":"2019-11-12T11:22:34","guid":{"rendered":"https:\/\/copex.com\/general-conditions-of-use-of-the-website\/"},"modified":"2021-02-12T10:30:11","modified_gmt":"2021-02-12T09:30:11","slug":"general-conditions-of-use-of-the-website","status":"publish","type":"page","link":"https:\/\/copex.com\/en\/general-conditions-of-use-of-the-website\/","title":{"rendered":"Legal Notices"},"content":{"rendered":"\n<h2 class=\"wp-block-heading\">Ownerhsip<\/h2>\n\n<p><p class=\"western\" lang=\"en-GB\"><span style=\"font-family: Times New Roman, serif\"><span style=\"font-size: medium\"><strong>Name of the structure:<\/strong> S.A. COPEX<\/span><\/span><\/p>&#013;\n<p class=\"western\" lang=\"en-GB\"><span style=\"font-family: Times New Roman, serif\"><span style=\"font-size: medium\">Address: Zone industrielle de Kerpont, B.P; 60328, 56603 LANESTER Cedex, FRANCE<\/span><\/span><\/p>&#013;\n<p class=\"western\" lang=\"en-GB\"><span style=\"font-family: Times New Roman, serif\"><span style=\"font-size: medium\">Telephone: +33 (0)2 97 76 26 44<\/span><\/span><\/p>&#013;\n<p class=\"western\" lang=\"en-GB\"><span style=\"font-family: Times New Roman, serif\"><span style=\"font-size: medium\">Email: contact@copex.com<\/span><\/span><\/p>&#013;\n<p class=\"western\" lang=\"en-GB\">\u00a0<\/p><\/p>\n\n<p><p class=\"western\" lang=\"en-GB\">Director of publication: Fr\u00e9d\u00e9ric Malin<\/p>&#013;\n<p class=\"western\" lang=\"en-GB\">Editorial Manager: Fran\u00e7oise Le Bail<\/p><\/p>\n\n<h2 class=\"wp-block-heading\">Creation<\/h2>\n\n<p><p class=\"western\" lang=\"en-GB\">Website created by the Agence de Communication Lorientaise &#8211; Lamourduweb<\/p>&#013;\n<p class=\"western\" lang=\"en-GB\">SARL with share capital of EUR 5 000<\/p>&#013;\n<p class=\"western\" lang=\"en-GB\">Registered at the RCS of Lorient<\/p>&#013;\n<p class=\"western\" lang=\"en-GB\">Under the number 800 209 793 000 10<\/p>&#013;\n<p class=\"western\" lang=\"en-GB\">Email: contact@lamourduweb.com<\/p>&#013;\n<p class=\"western\" lang=\"en-GB\">Head Office: 165, rue de la montagne du salut<\/p>&#013;\n<p class=\"western\" lang=\"en-GB\">56600 \u2013 LANESTER &#8211; FRANCE<\/p><\/p>\n\n<h2 class=\"wp-block-heading\">Hosting<\/h2>\n\n<p><p class=\"western\" lang=\"en-GB\">This site is hosted by CELEONET<\/p>&#013;\n<p class=\"western\" lang=\"en-GB\">SAS with a share capital of EUR 85,000 registered with the RCS of Cr\u00e9teil.<\/p>&#013;\n<p class=\"western\" lang=\"en-GB\">Under the number 450 734 744<\/p>&#013;\n<p class=\"western\" lang=\"en-GB\">Head office : 70 Rue Berthie Albrecht &#8211; 94400 VITRY-SUR-SEINE &#8211; FRANCE<\/p><\/p>\n\n<h2 class=\"wp-block-heading\">Access to the site<\/h2>\n\n<p>The publisher endeavours to allow access to the site 24 hours a day, 7 days a week, except in the event of force majeure or an event beyond the control of the Owner, and subject to any breakdowns and maintenance interventions necessary for the proper functioning of the site and services. Consequently, the Owner cannot guarantee the availability of the site and\/or services, the reliability of transmissions and performance in terms of response time or quality. The responsibility of the publisher cannot be engaged in case of impossibility of access to this site and\/or use of the services.<\/p>\n\n<h2 class=\"wp-block-heading\">Copyright<\/h2>\n\n<p>Everything on the site is protected by copyright. It is possible to access data, images and texts for personal use only. Reproduction, modification or publication, in whole or in part, is prohibited for any reason whatsoever. Any use of the trademarks or logos without the written consent of the Owner or interested third parties constitutes an infringement that will be prosecuted. The Owner&#8217;s online services are free of charge. The use of the site is entirely free of charge outside connection time according to the conditions of your Internet service provider.<\/p>\n\n<h2 class=\"wp-block-heading\">Web statistics<\/h2>\n\n<p>Click statistics are produced in order to allow a constant improvement of our website. Individual clicks are recorded anonymously and cannot be traced back to specific users. Law of 6 January 1978 relating to information technology and liberties. We protect your privacy. The Owner protects your privacy in two ways. In accordance with our internal measures on confidentiality, we transfer your data, exclusively to the authorised distribution companies that are members of the Owner&#8217;s commercial network, to enable them to contact you as soon as possible. In addition, in accordance with the French Data Protection Act (article 34 of law n\u00b078-17 of January 6, 1978), the personal data concerning you that you communicate on the site will only be used for commercial and marketing purposes with your approval. In accordance with the French law &#8220;Informatique et Libert\u00e9s&#8221; of January 6, 1978, you have the right to access, rectify and delete data concerning you, as well as the right to oppose the processing of this data for legitimate reasons or its use for prospecting purposes, particularly for commercial purposes.<\/p>\n\n<h2 class=\"wp-block-heading\">Cookies<\/h2>\n\n<p>A cookie is a small text file saved by a website on your hard drive. Cookies do not damage your computer in any way and do not contain viruses. Cookies on our web pages do not collect any personal data about you. You can disable the use of cookies at any time through your browser settings. This information is stored on your computer for 30 days. As a rule, our websites contain cookies only for anonymous statistical evaluation purposes and to improve the navigation of our users. Should these cookies also be useful in individual cases, you will be informed at the relevant point.<\/p>\n\n<h2 class=\"wp-block-heading\">Terms and conditions of the website<\/h2>\n\n<p>The use of the services offered by the site implies acceptance of what is set out below. These indications are subject to change, we invite you to consult them very regularly to check the content. The Site Owner takes the greatest care and implements all means to disseminate quality information. However, the Owner cannot absolutely guarantee the accuracy and completeness of all this information. This information and\/or documents may contain technical inaccuracies and typographical errors. It is strongly recommended to check the accuracy and relevance of the information and\/or documents made available on this site. The Owner reserves the right to correct them as soon as such errors are brought to its attention. The information and\/or documents available on this site may be modified at any time, and may have been the subject of updates. In particular, they may have been updated between the time they are downloaded and the time the user becomes aware of them. The Owner does not represent, guarantee, endorse or hold any responsibility for external sites for which there may be links from this site or vice versa. Any external site that you may visit through a hypertext link from this site is outside the control of the Owner and you visit it at your own risk. The Owner cannot be held responsible for the content of the sites thus accessible, or for any collection and transmission of personal data, installation of cookies or any other process for the same purpose carried out by these sites.<\/p>\n\n<h2 class=\"wp-block-heading\">Technical information \/ Security<\/h2>\n\n<p>   It is reminded that the secrecy of correspondence is not guaranteed on the Internet. Furthermore, it is the responsibility of each Internet user to take appropriate measures to protect his or her own data and\/or software from contamination by any viruses circulating on the Internet.<\/p>\n\n<h2 class=\"wp-block-heading\">Modification of the legal notices and conditions of use<\/h2>\n\n<p>The Owner reserves the right to modify, at any time and without prior notice, these terms of use in order to adapt them to changes in the site and\/or its operation. The user therefore undertakes to consult them regularly.<\/p>\n\n<h2 class=\"wp-block-heading\">Index Egapro &#8211; Ministry of Labour, Employment and Insertion<\/h2>\n\n<p>The tool for calculating and declaring the Gender Equality Index does not allow us to calculate our index for the year 2020 .<\/p>\n","protected":false},"excerpt":{"rendered":"<p>Ownerhsip Name of the structure: S.A. COPEX &#013; Address: Zone industrielle de Kerpont, B.P; 60328, 56603 LANESTER Cedex, FRANCE &#013; Telephone: +33 (0)2 97 76 26 44 &#013; Email: contact@copex.com &#013; \u00a0 Director of publication: Fr\u00e9d\u00e9ric Malin &#013; Editorial Manager: Fran\u00e7oise Le Bail Creation Website&hellip;<\/p>\n","protected":false},"author":1,"featured_media":0,"parent":0,"menu_order":0,"comment_status":"closed","ping_status":"closed","template":"","meta":{"_acf_changed":false,"content-type":"","footnotes":""},"class_list":["post-4923","page","type-page","status-publish","hentry"],"acf":[],"yoast_head":"<!-- This site is optimized with the Yoast SEO plugin v27.3 - https:\/\/yoast.com\/product\/yoast-seo-wordpress\/ -->\n<title>Legal Notices - Copex<\/title>\n<meta name=\"robots\" content=\"noindex, nofollow\" \/>\n<meta property=\"og:locale\" content=\"en_US\" \/>\n<meta property=\"og:type\" content=\"article\" \/>\n<meta property=\"og:title\" content=\"Legal Notices - Copex\" \/>\n<meta property=\"og:description\" content=\"Ownerhsip Name of the structure: S.A. COPEX &#013; Address: Zone industrielle de Kerpont, B.P; 60328, 56603 LANESTER Cedex, FRANCE &#013; Telephone: +33 (0)2 97 76 26 44 &#013; Email: contact@copex.com &#013; \u00a0 Director of publication: Fr\u00e9d\u00e9ric Malin &#013; Editorial Manager: Fran\u00e7oise Le Bail Creation Website&hellip;\" \/>\n<meta property=\"og:url\" content=\"https:\/\/copex.com\/en\/general-conditions-of-use-of-the-website\/\" \/>\n<meta property=\"og:site_name\" content=\"Copex\" \/>\n<meta property=\"article:modified_time\" content=\"2021-02-12T09:30:11+00:00\" \/>\n<meta name=\"twitter:card\" content=\"summary_large_image\" \/>\n<meta name=\"twitter:label1\" content=\"Est. reading time\" \/>\n\t<meta name=\"twitter:data1\" content=\"5 minutes\" \/>\n<script type=\"application\/ld+json\" class=\"yoast-schema-graph\">{\"@context\":\"https:\\\/\\\/schema.org\",\"@graph\":[{\"@type\":\"WebPage\",\"@id\":\"https:\\\/\\\/copex.com\\\/en\\\/general-conditions-of-use-of-the-website\\\/\",\"url\":\"https:\\\/\\\/copex.com\\\/en\\\/general-conditions-of-use-of-the-website\\\/\",\"name\":\"Legal Notices - Copex\",\"isPartOf\":{\"@id\":\"https:\\\/\\\/copex.com\\\/en\\\/#website\"},\"datePublished\":\"2019-11-12T11:22:34+00:00\",\"dateModified\":\"2021-02-12T09:30:11+00:00\",\"breadcrumb\":{\"@id\":\"https:\\\/\\\/copex.com\\\/en\\\/general-conditions-of-use-of-the-website\\\/#breadcrumb\"},\"inLanguage\":\"en-US\",\"potentialAction\":[{\"@type\":\"ReadAction\",\"target\":[\"https:\\\/\\\/copex.com\\\/en\\\/general-conditions-of-use-of-the-website\\\/\"]}]},{\"@type\":\"BreadcrumbList\",\"@id\":\"https:\\\/\\\/copex.com\\\/en\\\/general-conditions-of-use-of-the-website\\\/#breadcrumb\",\"itemListElement\":[{\"@type\":\"ListItem\",\"position\":1,\"name\":\"Home\",\"item\":\"https:\\\/\\\/copex.com\\\/en\\\/\"},{\"@type\":\"ListItem\",\"position\":2,\"name\":\"Legal Notices\"}]},{\"@type\":\"WebSite\",\"@id\":\"https:\\\/\\\/copex.com\\\/en\\\/#website\",\"url\":\"https:\\\/\\\/copex.com\\\/en\\\/\",\"name\":\"Copex\",\"description\":\"Un site utilisant WordPress\",\"publisher\":{\"@id\":\"https:\\\/\\\/copex.com\\\/en\\\/#organization\"},\"potentialAction\":[{\"@type\":\"SearchAction\",\"target\":{\"@type\":\"EntryPoint\",\"urlTemplate\":\"https:\\\/\\\/copex.com\\\/en\\\/?s={search_term_string}\"},\"query-input\":{\"@type\":\"PropertyValueSpecification\",\"valueRequired\":true,\"valueName\":\"search_term_string\"}}],\"inLanguage\":\"en-US\"},{\"@type\":\"Organization\",\"@id\":\"https:\\\/\\\/copex.com\\\/en\\\/#organization\",\"name\":\"copex\",\"url\":\"https:\\\/\\\/copex.com\\\/en\\\/\",\"logo\":{\"@type\":\"ImageObject\",\"inLanguage\":\"en-US\",\"@id\":\"https:\\\/\\\/copex.com\\\/en\\\/#\\\/schema\\\/logo\\\/image\\\/\",\"url\":\"https:\\\/\\\/copex.com\\\/wp-content\\\/uploads\\\/2020\\\/03\\\/cropped-Logo-COPEX-@x2.jpg\",\"contentUrl\":\"https:\\\/\\\/copex.com\\\/wp-content\\\/uploads\\\/2020\\\/03\\\/cropped-Logo-COPEX-@x2.jpg\",\"width\":457,\"height\":100,\"caption\":\"copex\"},\"image\":{\"@id\":\"https:\\\/\\\/copex.com\\\/en\\\/#\\\/schema\\\/logo\\\/image\\\/\"}}]}<\/script>\n<!-- \/ Yoast SEO plugin. -->","yoast_head_json":{"title":"Legal Notices - Copex","robots":{"index":"noindex","follow":"nofollow"},"og_locale":"en_US","og_type":"article","og_title":"Legal Notices - Copex","og_description":"Ownerhsip Name of the structure: S.A. COPEX &#013; Address: Zone industrielle de Kerpont, B.P; 60328, 56603 LANESTER Cedex, FRANCE &#013; Telephone: +33 (0)2 97 76 26 44 &#013; Email: contact@copex.com &#013; \u00a0 Director of publication: Fr\u00e9d\u00e9ric Malin &#013; Editorial Manager: Fran\u00e7oise Le Bail Creation Website&hellip;","og_url":"https:\/\/copex.com\/en\/general-conditions-of-use-of-the-website\/","og_site_name":"Copex","article_modified_time":"2021-02-12T09:30:11+00:00","twitter_card":"summary_large_image","twitter_misc":{"Est. reading time":"5 minutes"},"schema":{"@context":"https:\/\/schema.org","@graph":[{"@type":"WebPage","@id":"https:\/\/copex.com\/en\/general-conditions-of-use-of-the-website\/","url":"https:\/\/copex.com\/en\/general-conditions-of-use-of-the-website\/","name":"Legal Notices - Copex","isPartOf":{"@id":"https:\/\/copex.com\/en\/#website"},"datePublished":"2019-11-12T11:22:34+00:00","dateModified":"2021-02-12T09:30:11+00:00","breadcrumb":{"@id":"https:\/\/copex.com\/en\/general-conditions-of-use-of-the-website\/#breadcrumb"},"inLanguage":"en-US","potentialAction":[{"@type":"ReadAction","target":["https:\/\/copex.com\/en\/general-conditions-of-use-of-the-website\/"]}]},{"@type":"BreadcrumbList","@id":"https:\/\/copex.com\/en\/general-conditions-of-use-of-the-website\/#breadcrumb","itemListElement":[{"@type":"ListItem","position":1,"name":"Home","item":"https:\/\/copex.com\/en\/"},{"@type":"ListItem","position":2,"name":"Legal Notices"}]},{"@type":"WebSite","@id":"https:\/\/copex.com\/en\/#website","url":"https:\/\/copex.com\/en\/","name":"Copex","description":"Un site utilisant WordPress","publisher":{"@id":"https:\/\/copex.com\/en\/#organization"},"potentialAction":[{"@type":"SearchAction","target":{"@type":"EntryPoint","urlTemplate":"https:\/\/copex.com\/en\/?s={search_term_string}"},"query-input":{"@type":"PropertyValueSpecification","valueRequired":true,"valueName":"search_term_string"}}],"inLanguage":"en-US"},{"@type":"Organization","@id":"https:\/\/copex.com\/en\/#organization","name":"copex","url":"https:\/\/copex.com\/en\/","logo":{"@type":"ImageObject","inLanguage":"en-US","@id":"https:\/\/copex.com\/en\/#\/schema\/logo\/image\/","url":"https:\/\/copex.com\/wp-content\/uploads\/2020\/03\/cropped-Logo-COPEX-@x2.jpg","contentUrl":"https:\/\/copex.com\/wp-content\/uploads\/2020\/03\/cropped-Logo-COPEX-@x2.jpg","width":457,"height":100,"caption":"copex"},"image":{"@id":"https:\/\/copex.com\/en\/#\/schema\/logo\/image\/"}}]}},"_links":{"self":[{"href":"https:\/\/copex.com\/en\/wp-json\/wp\/v2\/pages\/4923","targetHints":{"allow":["GET"]}}],"collection":[{"href":"https:\/\/copex.com\/en\/wp-json\/wp\/v2\/pages"}],"about":[{"href":"https:\/\/copex.com\/en\/wp-json\/wp\/v2\/types\/page"}],"author":[{"embeddable":true,"href":"https:\/\/copex.com\/en\/wp-json\/wp\/v2\/users\/1"}],"replies":[{"embeddable":true,"href":"https:\/\/copex.com\/en\/wp-json\/wp\/v2\/comments?post=4923"}],"version-history":[{"count":20,"href":"https:\/\/copex.com\/en\/wp-json\/wp\/v2\/pages\/4923\/revisions"}],"predecessor-version":[{"id":6528,"href":"https:\/\/copex.com\/en\/wp-json\/wp\/v2\/pages\/4923\/revisions\/6528"}],"wp:attachment":[{"href":"https:\/\/copex.com\/en\/wp-json\/wp\/v2\/media?parent=4923"}],"curies":[{"name":"wp","href":"https:\/\/api.w.org\/{rel}","templated":true}]}}