{"id":5440,"date":"2019-11-12T12:22:35","date_gmt":"2019-11-12T11:22:35","guid":{"rendered":"https:\/\/copex.com\/seitenverzeichnis\/"},"modified":"2020-07-01T15:36:52","modified_gmt":"2020-07-01T13:36:52","slug":"seitenverzeichnis","status":"publish","type":"page","link":"https:\/\/copex.com\/de\/seitenverzeichnis\/","title":{"rendered":"Seitenverzeichnis"},"content":{"rendered":"<div class=\"wsp-container\"><h2 class=\"wsp-pages-title\">Seiten<\/h2>\n<ul class=\"wsp-pages-list\">\n<li class=\"page_item page-item-5670\"><a href=\"https:\/\/copex.com\/de\/agenda\/\">Agenda<\/a><\/li>\n<li class=\"page_item page-item-5156 current_page_parent\"><a href=\"https:\/\/copex.com\/de\/aktuelles\/\">Aktuelles<\/a><\/li>\n<li class=\"page_item page-item-4718\"><a href=\"https:\/\/copex.com\/de\/betrieb\/\">Betrieb<\/a><\/li>\n<li class=\"page_item page-item-5622\"><a href=\"https:\/\/copex.com\/de\/einsatzbereiche\/\">Einsatzbereiche<\/a><\/li>\n<li class=\"page_item page-item-5400\"><a href=\"https:\/\/copex.com\/de\/\">Home<\/a><\/li>\n<li class=\"page_item page-item-4931\"><a href=\"https:\/\/copex.com\/de\/general-conditions-of-use-of-the-website\/\">Legal Notices<\/a><\/li>\n<li class=\"page_item page-item-4978\"><a href=\"https:\/\/copex.com\/de\/maschinen\/\">Maschinen<\/a><\/li>\n<li class=\"page_item page-item-5267\"><a href=\"https:\/\/copex.com\/de\/materialien\/\">Materialien<\/a><\/li>\n<li class=\"page_item page-item-6415\"><a href=\"https:\/\/copex.com\/de\/newsletter\/\">Newsletter<\/a><\/li>\n<li class=\"page_item page-item-5128\"><a href=\"https:\/\/copex.com\/de\/privacy-policy\/\">Privacy Policy<\/a><\/li>\n<li class=\"page_item page-item-5440\"><a href=\"https:\/\/copex.com\/de\/seitenverzeichnis\/\">Seitenverzeichnis<\/a><\/li>\n<li class=\"page_item page-item-5472\"><a href=\"https:\/\/copex.com\/de\/service\/\">Service<\/a><\/li>\n<li class=\"page_item page-item-4722\"><a href=\"https:\/\/copex.com\/de\/setzen-sie-sich-mit-uns-in-verbindung\/\">Wenden Sie sich an uns<\/a><\/li>\n<\/ul>\n<h2 class=\"wsp-posts-title\">Beitr\u00e4ge nach Kategorie<\/h2>\n<ul class=\"wsp-posts-list\">\n\t<li><strong class=\"wsp-category-title\">Kategorie: <a href=\"https:\/\/copex.com\/de\/category\/abnahme-von-maschinen\/\">Abnahme von Maschinen<\/a><\/strong>\n<ul class=\"wsp-posts-list\">\t\t<li class=\"wsp-post\"><a href=\"https:\/\/copex.com\/de\/die-recyclingfirma-guyot-environnement-betreibt-eine-2000-tonnen-lidex-an-ihrem-standort-in-brest\/\">Die Recyclingfirma Guyot Environnement betreibt eine 2000 Tonnen-LIDEX an ihrem Standort in Brest.<\/a><\/li>\n\t\t<li class=\"wsp-post\"><a href=\"https:\/\/copex.com\/de\/neue-copex-schere-in-grossbritannien\/\">Neue Copex-Schere in Gro\u00dfbritannien<\/a><\/li>\n\t\t<li class=\"wsp-post\"><a href=\"https:\/\/copex.com\/de\/eine-s-wing-1000-um-die-entwicklung-von-les-recycleurs-bretons-zu-unterstuetzen\/\">Eine S-WING 1000, um die Entwicklung von Les Recycleurs Bretons zu unterst\u00fctzen.<\/a><\/li>\n\t\t<li class=\"wsp-post\"><a href=\"https:\/\/copex.com\/de\/galloo-setzt-auf-copex\/\">Galloo setzt auf Copex<\/a><\/li>\n\t\t<li class=\"wsp-post\"><a href=\"https:\/\/copex.com\/de\/der-us-recycler-gold-star-mag-die-seitenverdichtung-made-by-copex\/\">Der US-Recycler Gold Star mag die Seitenverdichtung MADE BY Copex<\/a><\/li>\n\t\t<li class=\"wsp-post\"><a href=\"https:\/\/copex.com\/de\/die-zukuenftige-schrottschere-s-wing-1000-von-les-recycleurs-bretons-besteht-die-tests-erfolgreich\/\">Die zuk\u00fcnftige Schrottschere S-Wing 1000 von &#8222;Les Recycleurs Bretons&#8220; besteht die Tests erfolgreich.<\/a><\/li>\n\t\t<li class=\"wsp-post\"><a href=\"https:\/\/copex.com\/de\/bald-lieferung-einer-reflex-in-die-baltischen-staaten\/\">Bald Lieferung einer Reflex in die baltischen Staaten!<\/a><\/li>\n\t\t<li class=\"wsp-post\"><a href=\"https:\/\/copex.com\/de\/durand-recuperation-hat-auch-eine-copex-schere\/\">Durand R\u00e9cup\u00e9ration hat auch eine Copex-Schere!<\/a><\/li>\n\t\t<li class=\"wsp-post\"><a href=\"https:\/\/copex.com\/de\/copex-liefert-ein-neues-lidex-an-dengasc-recyclage\/\">COPEX liefert ein neues LIDEX an DENGASC RECYCLAGE<\/a><\/li>\n\t\t<li class=\"wsp-post\"><a href=\"https:\/\/copex.com\/de\/eine-reflex650-wird-nach-uk-geliefert\/\">Eine REFLEX650 wird nach UK geliefert<\/a><\/li>\n\t\t<li class=\"wsp-post\"><a href=\"https:\/\/copex.com\/de\/s-wing-1000-schrottscheren-auf-dem-weg-nach-australien\/\">S-WING 1000-Schrottscheren auf dem Weg nach Australien<\/a><\/li>\n\t\t<li class=\"wsp-post\"><a href=\"https:\/\/copex.com\/de\/lidex-galloo-entscheidet-sich-fuer-copex\/\">LIDEX: GALLOO entscheidet sich f\u00fcr COPEX<\/a><\/li>\n\t\t<li class=\"wsp-post\"><a href=\"https:\/\/copex.com\/de\/copex-liefert-eine-lidex-im-herzen-der-auvergne\/\">COPEX liefert eine LIDEX im Herzen der Auvergne<\/a><\/li>\n\t\t<li class=\"wsp-post\"><a href=\"https:\/\/copex.com\/de\/die-erste-s-wing-900-schrottschere-wurde-von-copex-in-frankreich-installiert\/\">Die erste S-Wing 900 Schrottschere wurde von COPEX in Frankreich installiert<\/a><\/li>\n\t\t<li class=\"wsp-post\"><a href=\"https:\/\/copex.com\/de\/eine-erste-lidex-schere-in-schweden-verkauft\/\">Eine erste LIDEX Schere in Schweden verkauft<\/a><\/li>\n<\/ul><\/li>\n\t<li><strong class=\"wsp-category-title\">Kategorie: <a href=\"https:\/\/copex.com\/de\/category\/geschaftsentwicklung\/\">Gesch\u00e4ftsentwicklung<\/a><\/strong>\n<ul class=\"wsp-posts-list\">\t\t<li class=\"wsp-post\"><a href=\"https:\/\/copex.com\/de\/recyclingaktiv-2023-karlsruhe\/\">RecyclingAKTIV 2023 &#8211; Karlsruhe<\/a><\/li>\n\t\t<li class=\"wsp-post\"><a href=\"https:\/\/copex.com\/de\/isri-2023-nashville-tennessee\/\">ISRI 2023 Nashville (Tennessee)<\/a><\/li>\n\t\t<li class=\"wsp-post\"><a href=\"https:\/\/copex.com\/de\/agex-international-agriculture-and-food-exhibition-in-jeddah\/\">AGEX International Agriculture and Food Exhibition in Jeddah<\/a><\/li>\n\t\t<li class=\"wsp-post\"><a href=\"https:\/\/copex.com\/de\/copex-strengthens-its-position-in-the-usa\/\">Copex strengthens its position in the USA!<\/a><\/li>\n\t\t<li class=\"wsp-post\"><a href=\"https:\/\/copex.com\/de\/paprec-setzt-auf-copex-um-seine-expansionsstrategie-zu-verfolgen\/\">Paprec setzt auf Copex, um seine Expansionsstrategie zu verfolgen<\/a><\/li>\n\t\t<li class=\"wsp-post\"><a href=\"https:\/\/copex.com\/de\/reflex650-bei-sims-metal-eine-langjaehrige-beziehung\/\">Reflex650 bei Sims Metal: Eine langj\u00e4hrige Beziehung<\/a><\/li>\n\t\t<li class=\"wsp-post\"><a href=\"https:\/\/copex.com\/de\/die-lidex-von-ragg-ein-schoenes-schmuckstueck-in-einer-schoenen-schaukaste\/\">Die LIDEX von RAGG: ein sch\u00f6nes Schmuckst\u00fcck  in einer sch\u00f6nen Schaukaste<\/a><\/li>\n\t\t<li class=\"wsp-post\"><a href=\"https:\/\/copex.com\/de\/esel-neuer-geschaeftspartner-fuer-copex-im-vereinigten-koenigreich\/\">ESEL : Neuer Gesch\u00e4ftspartner f\u00fcr COPEX im Vereinigten K\u00f6nigreich<\/a><\/li>\n\t\t<li class=\"wsp-post\"><a href=\"https:\/\/copex.com\/de\/copex-eroeffnet-ein-buero-in-deutschland\/\">COPEX er\u00f6ffnet ein B\u00fcro in Deutschland<\/a><\/li>\n<\/ul><\/li>\n\t<li><strong class=\"wsp-category-title\">Kategorie: <a href=\"https:\/\/copex.com\/de\/category\/leben-des-unternehmens\/\">Leben des Unternehmens<\/a><\/strong>\n<ul class=\"wsp-posts-list\">\t\t<li class=\"wsp-post\"><a href=\"https:\/\/copex.com\/de\/neue-vertriebsorganisation\/\">Eine neue Vertriebsorganisation !<\/a><\/li>\n\t\t<li class=\"wsp-post\"><a href=\"https:\/\/copex.com\/de\/metal-recycling-equipment-manufacturer-lefort-has-acquired-100-of-the-capital-of-copex-s-a-based-in-caudan-france\/\">Metal recycling equipment manufacturer LEFORT has acquired 100% of the capital of COPEX S.A,<\/a><\/li>\n\t\t<li class=\"wsp-post\"><a href=\"https:\/\/copex.com\/de\/banddurchschneiden-bei-capdea-in-marigny-le-chatel-in-frankreich\/\">Banddurchschneiden bei CAPDEA in Marigny le Ch\u00e2tel in Frankreich<\/a><\/li>\n\t\t<li class=\"wsp-post\"><a href=\"https:\/\/copex.com\/de\/copex-wuenscht-ihnen-ein-frohes-neues-jahr\/\">Copex w\u00fcnscht Ihnen ein frohes neues Jahr!<\/a><\/li>\n\t\t<li class=\"wsp-post\"><a href=\"https:\/\/copex.com\/de\/entdecken-sie-unsere-nachrichten\/\">Entdecken Sie unsere Nachrichten !<\/a><\/li>\n\t\t<li class=\"wsp-post\"><a href=\"https:\/\/copex.com\/de\/mehr-frauen-bei-copex\/\">Mehr Frauen bei COPEX<\/a><\/li>\n<\/ul><\/li>\n<\/ul>\n<h2 class=\"wsp-machines-title\">Maschinen<\/h2>\n<ul class=\"wsp-machines-list\">\n<li><a href=\"https:\/\/copex.com\/de\/maschinen\/pressen\/abfallverdichter\/\">Abfallverdichter<\/a><\/li>\n<li><a href=\"https:\/\/copex.com\/de\/maschinen\/pressen\/autopressen\/\">Autopressen<\/a><\/li>\n<li><a href=\"https:\/\/copex.com\/de\/maschinen\/pressen\/pack-metall-psp-paketierpressen\/\">PACK METALL PSP Paketierpressen<\/a><\/li>\n<li><a href=\"https:\/\/copex.com\/de\/maschinen\/pressen\/pack-metal-paketierpessen\/\">PACK METAL Paketierpessen<\/a><\/li>\n<li><a href=\"https:\/\/copex.com\/de\/maschinen\/pressen\/\">Pressen<\/a><\/li>\n<li><a href=\"https:\/\/copex.com\/de\/maschinen\/pressen\/pmm-ballenpressen\/\">PMM Ballenpressen<\/a><\/li>\n<li><a href=\"https:\/\/copex.com\/de\/maschinen\/schrottscheren\/mobile-transportable-und-stationaere-reflex-schrottscheren\/\">Mobile Schrottscheren in Fl\u00fcgelbauweise MOBILE<\/a><\/li>\n<li><a href=\"https:\/\/copex.com\/de\/maschinen\/schrottscheren\/fluegelbettscheren-s-wing\/\">\u201cHeavy-Duty\u201d Schrottscheren mit Pressfl\u00fcgeln KOLOSS<\/a><\/li>\n<li><a href=\"https:\/\/copex.com\/de\/maschinen\/pressen\/paketierpressen-pcv\/\">Paketierpressen PCV<\/a><\/li>\n<li><a href=\"https:\/\/copex.com\/de\/maschinen\/pressen\/pcc-deckelpressen\/\">PCC Deckelpressen<\/a><\/li>\n<li><a href=\"https:\/\/copex.com\/de\/maschinen\/schrottscheren\/lidex-schrottscheren-mit-seitenverdichtung\/\">LIDEX Schrottscheren mit Seitenverdichtung<\/a><\/li>\n<li><a href=\"https:\/\/copex.com\/de\/maschinen\/gebrauchtmaschinen\/\">Gebrauchtmaschinen<\/a><\/li>\n<li><a href=\"https:\/\/copex.com\/de\/maschinen\/schrottscheren\/\">Schrottscheren<\/a><\/li>\n<\/ul>\n<h2 class=\"wsp-applications-title\">Einsatzbereiche<\/h2>\n<ul class=\"wsp-applications-list\">\n<li><a href=\"https:\/\/copex.com\/de\/einsatzbereiche\/abfallumschalgstationen\/\">Abfallumschalgstationen<\/a><\/li>\n<li><a href=\"https:\/\/copex.com\/de\/einsatzbereiche\/abfallrecycling-und-sortieranlagen\/\">Abfallrecycling und Sortieranlagen<\/a><\/li>\n<li><a href=\"https:\/\/copex.com\/de\/einsatzbereiche\/andere-industrien\/\">Andere Industrien<\/a><\/li>\n<li><a href=\"https:\/\/copex.com\/de\/einsatzbereiche\/nuklearsektor\/\">Nuklearsektor<\/a><\/li>\n<li><a href=\"https:\/\/copex.com\/de\/einsatzbereiche\/landwirtschaft\/\">Landwirtschaft<\/a><\/li>\n<li><a href=\"https:\/\/copex.com\/de\/einsatzbereiche\/agroalimentaire\/\">Nahrungsmittelindustrie<\/a><\/li>\n<li><a href=\"https:\/\/copex.com\/de\/einsatzbereiche\/stahlindustrie\/\">Stahlindustrie<\/a><\/li>\n<li><a href=\"https:\/\/copex.com\/de\/einsatzbereiche\/recycling-von-eisen-und-nicht-eisenmetallen\/\">Recycling von Eisen- und Nicht-Eisenmetallen<\/a><\/li>\n<\/ul>\n<h2 class=\"wsp-materiaus-title\">Materialien<\/h2>\n<ul class=\"wsp-materiaus-list\">\n<li><a href=\"https:\/\/copex.com\/de\/materialien\/haushaltsabfaelle\/\">Haushaltsabf\u00e4lle<\/a><\/li>\n<li><a href=\"https:\/\/copex.com\/de\/materialien\/ebs\/\">EBS \/ SBS<\/a><\/li>\n<li><a href=\"https:\/\/copex.com\/de\/materialien\/kartons\/\">Kartons<\/a><\/li>\n<li><a href=\"https:\/\/copex.com\/de\/materialien\/kuntstoffe\/\">Kuntstoffe<\/a><\/li>\n<li><a href=\"https:\/\/copex.com\/de\/materialien\/landwirtschaftliche-fasern\/\">Landwirtschaftliche Fasern<\/a><\/li>\n<li><a href=\"https:\/\/copex.com\/de\/materialien\/holz\/\">Holz<\/a><\/li>\n<li><a href=\"https:\/\/copex.com\/de\/materialien\/textilien\/\">Textilien<\/a><\/li>\n<li><a href=\"https:\/\/copex.com\/de\/materialien\/metallverpackungen\/\">Metallverpackungen<\/a><\/li>\n<li><a href=\"https:\/\/copex.com\/de\/materialien\/multimateriaux\/\">Multimaterialien<\/a><\/li>\n<li><a href=\"https:\/\/copex.com\/de\/materialien\/weee\/\">WEEE<\/a><\/li>\n<li><a href=\"https:\/\/copex.com\/de\/materialien\/nicht-eisenmetalle\/\">Nicht-Eisenmetalle<\/a><\/li>\n<li><a href=\"https:\/\/copex.com\/de\/materialien\/eisenmetallen\/\">Eisenmetallen<\/a><\/li>\n<\/ul>\n<h2 class=\"wsp-evenements-title\">\u00c9v\u00e9nements<\/h2>\n<ul class=\"wsp-evenements-list\">\n<li><a href=\"https:\/\/copex.com\/de\/agenda\/pollutec-2023-lyon\/\">POLLUTEC 2023 Lyon<\/a><\/li>\n<li><a href=\"https:\/\/copex.com\/de\/agenda\/isri-nashville-2023-tennessee\/\">ISRI Nashville 2023 - Tennessee<\/a><\/li>\n<li><a href=\"https:\/\/copex.com\/de\/agenda\/recyclingaktiv-karlsruhe-deutschland\/\">RecyclingAKTIV 2023 Karlsruhe - Deutschland<\/a><\/li>\n<li><a href=\"https:\/\/copex.com\/de\/agenda\/scrap-expo-2023-louisville-kentucky\/\">Scrap Expo 2023 Louisville - Kentucky<\/a><\/li>\n<\/ul>\n<h2 class=\"wsp-partenaires-title\">Partenaires<\/h2>\n<ul class=\"wsp-partenaires-list\">\n<li><a href=\"https:\/\/copex.com\/de\/partner\/lefort-headquarters-belgien\/\">LEFORT headquarters - BELGIEN<\/a><\/li>\n<li><a href=\"https:\/\/copex.com\/de\/partner\/lefort-deutschland-deutschland-oesterreich-deutschschweiz\/\">LEFORT DEUTSCHLAND - DEUTSCHLAND, \u00d6STERREICH, DEUTSCHSCHWEIZ<\/a><\/li>\n<li><a href=\"https:\/\/copex.com\/de\/partner\/btc-tsanaktsidis-bros\/\">BTC-Tsanaktsidis Bros - GRIECHENLAND, ZYPERN, ALBANIEN<\/a><\/li>\n<li><a href=\"https:\/\/copex.com\/de\/partner\/cheng-ho-hsing-heavy-industries\/\">CHENG HO HSING HEAVY INDUSTRIES - TAIWAN<\/a><\/li>\n<li><a href=\"https:\/\/copex.com\/de\/partner\/envitech-engineering-co\/\">ENVITECH Engineering Co. - JAPAN<\/a><\/li>\n<li><a href=\"https:\/\/copex.com\/de\/partner\/hirukei\/\">HIRUKEI - SPANIEN, PORTUGAL<\/a><\/li>\n<li><a href=\"https:\/\/copex.com\/de\/partner\/korpra-cz\/\">KORPRA.cz - TSCHECHISCHE REPUBLIK, SLOWAKEI<\/a><\/li>\n<li><a href=\"https:\/\/copex.com\/de\/partner\/lefort-frankreich\/\">LEFORT FRANCE - FRANKREICH, ROMANISCHE SCHWEIZ<\/a><\/li>\n<li><a href=\"https:\/\/copex.com\/de\/partner\/lefort-italie\/\">LEFORT ITALIA - ITALIEN, ITALIENISCHE SCHWEIZ, SLOWENIEN, KROATIEN, SERBIEN, BOSNIEN-HERZEGOWINA, MONTENEGRO, KOSOVO<\/a><\/li>\n<li><a href=\"https:\/\/copex.com\/de\/partner\/seg-engineering-oue\/\">SEG ENGINEERING O\u00dc<\/a><\/li>\n<li><a href=\"https:\/\/copex.com\/de\/partner\/mobile-heavy-machinery-uab-mhm\/\">MOBILE HEAVY MACHINERY UAB (MHM) - ESTLAND, LETLAND, LITAUEN<\/a><\/li>\n<li><a href=\"https:\/\/copex.com\/de\/partner\/recuperma-bvba\/\">RECUPERMA BVBA - NIEDERLANDE, NIEDERL\u00c4NDISCHSPRACHIGES BELGIEN<\/a><\/li>\n<li><a href=\"https:\/\/copex.com\/de\/partner\/treppo-group-pty-limited\/\">TREPPO GROUP (Pty) LIMITED- S\u00dcDAFRIKA<\/a><\/li>\n<li><a href=\"https:\/\/copex.com\/de\/partner\/viggo-bendz\/\">VIGGO BENDZ - D\u00c4NEMARK, NORWEGEN, SCHWEDEN<\/a><\/li>\n<li><a href=\"https:\/\/copex.com\/de\/partner\/west-baumaschinem\/\">WEST BAUMASCHINEN - AFGHANISTAN, \u00c4GYPTEN, BAHRAIN, JORDANIEN, KATAR, KUWAIT, LIBANON, OMAN, SAUDI-ARABIEN, VEREINIGTE ARABISCHE EMIRATE, YEMEN<\/a><\/li>\n<li><a href=\"https:\/\/copex.com\/de\/partner\/z-u-h-pakiet-ewa-rzeszutek\/\">Z.U.H PAKIET EWA RZESZUTEK<\/a><\/li>\n<li><a href=\"https:\/\/copex.com\/de\/partner\/zold-gepezet-ltd\/\">ZOLD GEPEZET LTD - UNGARN, RUM\u00c4NIEN<\/a><\/li>\n<li><a href=\"https:\/\/copex.com\/de\/partner\/nexus-heavy-plant-services-ltd\/\">NEXUS Heavy Plant Services Ltd - IRLAND<\/a><\/li>\n<li><a href=\"https:\/\/copex.com\/de\/partner\/lefort-uk-limited\/\">LEFORT UK Limited - VEREINIGTES K\u00d6NIGREICH<\/a><\/li>\n<li><a href=\"https:\/\/copex.com\/de\/partner\/lefort-america\/\">LEFORT America - USA, KANADA, MEXIKO, BRASILIEN<\/a><\/li>\n<li><a href=\"https:\/\/copex.com\/de\/partner\/express-service-engineering-ltd-esel\/\">Express Service Engineering Ltd (ESEL)<\/a><\/li>\n<li><a href=\"https:\/\/copex.com\/de\/partner\/kozaglobal\/\">KOZAGLOBAL - T\u00dcRKEI<\/a><\/li>\n<li><a href=\"https:\/\/copex.com\/de\/partner\/ooo-specmarket-ru\/\">LLC Spetsmarket-M - RUSSLAND<\/a><\/li>\n<li><a href=\"https:\/\/copex.com\/de\/partner\/mhm-ukraine-universal-service\/\">MHM Ukraine (Universal Service)<\/a><\/li>\n<li><a href=\"https:\/\/copex.com\/de\/partner\/mh-recycling-ltd\/\">MHM Ukraine Ltd. - UKRAINE<\/a><\/li>\n<li><a href=\"https:\/\/copex.com\/de\/partner\/pacific-materials-handling\/\">Metquip Rentals PTy Ltd - AUSTRALIEN, NEUSEELAND<\/a><\/li>\n<li><a href=\"https:\/\/copex.com\/de\/partner\/copex-vertriebsbuero\/\">LEFORT Deutschland - Deutschland, \u00d6sterreich, Schweiz<\/a><\/li>\n<\/ul>\n<h2 class=\"wsp-evenement_types-title\">Types<\/h2>\n<ul class=\"wsp-evenement_types-list\">\n<li><a href=\"https:\/\/copex.com\/de\/evenement_type\/salon-2-de\/\">Salon \/ Trade Fair<\/a><\/li>\n<\/ul>\n<\/div>\n","protected":false},"excerpt":{"rendered":"","protected":false},"author":1,"featured_media":0,"parent":0,"menu_order":0,"comment_status":"closed","ping_status":"closed","template":"","meta":{"_acf_changed":false,"content-type":"","footnotes":""},"class_list":["post-5440","page","type-page","status-publish","hentry"],"acf":[],"yoast_head":"<!-- This site is optimized with the Yoast SEO plugin v27.4 - https:\/\/yoast.com\/product\/yoast-seo-wordpress\/ -->\n<title>Seitenverzeichnis - Copex<\/title>\n<meta name=\"robots\" content=\"index, follow, max-snippet:-1, max-image-preview:large, max-video-preview:-1\" \/>\n<link rel=\"canonical\" href=\"https:\/\/copex.com\/de\/seitenverzeichnis\/\" \/>\n<meta property=\"og:locale\" content=\"de_DE\" \/>\n<meta property=\"og:type\" content=\"article\" \/>\n<meta property=\"og:title\" content=\"Seitenverzeichnis - Copex\" \/>\n<meta property=\"og:url\" content=\"https:\/\/copex.com\/de\/seitenverzeichnis\/\" \/>\n<meta property=\"og:site_name\" content=\"Copex\" \/>\n<meta property=\"article:modified_time\" content=\"2020-07-01T13:36:52+00:00\" \/>\n<meta name=\"twitter:card\" content=\"summary_large_image\" \/>\n<script type=\"application\/ld+json\" class=\"yoast-schema-graph\">{\"@context\":\"https:\\\/\\\/schema.org\",\"@graph\":[{\"@type\":\"WebPage\",\"@id\":\"https:\\\/\\\/copex.com\\\/de\\\/seitenverzeichnis\\\/\",\"url\":\"https:\\\/\\\/copex.com\\\/de\\\/seitenverzeichnis\\\/\",\"name\":\"Seitenverzeichnis - Copex\",\"isPartOf\":{\"@id\":\"https:\\\/\\\/copex.com\\\/de\\\/#website\"},\"datePublished\":\"2019-11-12T11:22:35+00:00\",\"dateModified\":\"2020-07-01T13:36:52+00:00\",\"breadcrumb\":{\"@id\":\"https:\\\/\\\/copex.com\\\/de\\\/seitenverzeichnis\\\/#breadcrumb\"},\"inLanguage\":\"de\",\"potentialAction\":[{\"@type\":\"ReadAction\",\"target\":[\"https:\\\/\\\/copex.com\\\/de\\\/seitenverzeichnis\\\/\"]}]},{\"@type\":\"BreadcrumbList\",\"@id\":\"https:\\\/\\\/copex.com\\\/de\\\/seitenverzeichnis\\\/#breadcrumb\",\"itemListElement\":[{\"@type\":\"ListItem\",\"position\":1,\"name\":\"Home\",\"item\":\"https:\\\/\\\/copex.com\\\/de\\\/\"},{\"@type\":\"ListItem\",\"position\":2,\"name\":\"Seitenverzeichnis\"}]},{\"@type\":\"WebSite\",\"@id\":\"https:\\\/\\\/copex.com\\\/de\\\/#website\",\"url\":\"https:\\\/\\\/copex.com\\\/de\\\/\",\"name\":\"Copex\",\"description\":\"Un site utilisant WordPress\",\"publisher\":{\"@id\":\"https:\\\/\\\/copex.com\\\/de\\\/#organization\"},\"potentialAction\":[{\"@type\":\"SearchAction\",\"target\":{\"@type\":\"EntryPoint\",\"urlTemplate\":\"https:\\\/\\\/copex.com\\\/de\\\/?s={search_term_string}\"},\"query-input\":{\"@type\":\"PropertyValueSpecification\",\"valueRequired\":true,\"valueName\":\"search_term_string\"}}],\"inLanguage\":\"de\"},{\"@type\":\"Organization\",\"@id\":\"https:\\\/\\\/copex.com\\\/de\\\/#organization\",\"name\":\"copex\",\"url\":\"https:\\\/\\\/copex.com\\\/de\\\/\",\"logo\":{\"@type\":\"ImageObject\",\"inLanguage\":\"de\",\"@id\":\"https:\\\/\\\/copex.com\\\/de\\\/#\\\/schema\\\/logo\\\/image\\\/\",\"url\":\"https:\\\/\\\/copex.com\\\/wp-content\\\/uploads\\\/2020\\\/03\\\/cropped-Logo-COPEX-@x2.jpg\",\"contentUrl\":\"https:\\\/\\\/copex.com\\\/wp-content\\\/uploads\\\/2020\\\/03\\\/cropped-Logo-COPEX-@x2.jpg\",\"width\":457,\"height\":100,\"caption\":\"copex\"},\"image\":{\"@id\":\"https:\\\/\\\/copex.com\\\/de\\\/#\\\/schema\\\/logo\\\/image\\\/\"}}]}<\/script>\n<!-- \/ Yoast SEO plugin. -->","yoast_head_json":{"title":"Seitenverzeichnis - Copex","robots":{"index":"index","follow":"follow","max-snippet":"max-snippet:-1","max-image-preview":"max-image-preview:large","max-video-preview":"max-video-preview:-1"},"canonical":"https:\/\/copex.com\/de\/seitenverzeichnis\/","og_locale":"de_DE","og_type":"article","og_title":"Seitenverzeichnis - Copex","og_url":"https:\/\/copex.com\/de\/seitenverzeichnis\/","og_site_name":"Copex","article_modified_time":"2020-07-01T13:36:52+00:00","twitter_card":"summary_large_image","schema":{"@context":"https:\/\/schema.org","@graph":[{"@type":"WebPage","@id":"https:\/\/copex.com\/de\/seitenverzeichnis\/","url":"https:\/\/copex.com\/de\/seitenverzeichnis\/","name":"Seitenverzeichnis - Copex","isPartOf":{"@id":"https:\/\/copex.com\/de\/#website"},"datePublished":"2019-11-12T11:22:35+00:00","dateModified":"2020-07-01T13:36:52+00:00","breadcrumb":{"@id":"https:\/\/copex.com\/de\/seitenverzeichnis\/#breadcrumb"},"inLanguage":"de","potentialAction":[{"@type":"ReadAction","target":["https:\/\/copex.com\/de\/seitenverzeichnis\/"]}]},{"@type":"BreadcrumbList","@id":"https:\/\/copex.com\/de\/seitenverzeichnis\/#breadcrumb","itemListElement":[{"@type":"ListItem","position":1,"name":"Home","item":"https:\/\/copex.com\/de\/"},{"@type":"ListItem","position":2,"name":"Seitenverzeichnis"}]},{"@type":"WebSite","@id":"https:\/\/copex.com\/de\/#website","url":"https:\/\/copex.com\/de\/","name":"Copex","description":"Un site utilisant WordPress","publisher":{"@id":"https:\/\/copex.com\/de\/#organization"},"potentialAction":[{"@type":"SearchAction","target":{"@type":"EntryPoint","urlTemplate":"https:\/\/copex.com\/de\/?s={search_term_string}"},"query-input":{"@type":"PropertyValueSpecification","valueRequired":true,"valueName":"search_term_string"}}],"inLanguage":"de"},{"@type":"Organization","@id":"https:\/\/copex.com\/de\/#organization","name":"copex","url":"https:\/\/copex.com\/de\/","logo":{"@type":"ImageObject","inLanguage":"de","@id":"https:\/\/copex.com\/de\/#\/schema\/logo\/image\/","url":"https:\/\/copex.com\/wp-content\/uploads\/2020\/03\/cropped-Logo-COPEX-@x2.jpg","contentUrl":"https:\/\/copex.com\/wp-content\/uploads\/2020\/03\/cropped-Logo-COPEX-@x2.jpg","width":457,"height":100,"caption":"copex"},"image":{"@id":"https:\/\/copex.com\/de\/#\/schema\/logo\/image\/"}}]}},"_links":{"self":[{"href":"https:\/\/copex.com\/de\/wp-json\/wp\/v2\/pages\/5440","targetHints":{"allow":["GET"]}}],"collection":[{"href":"https:\/\/copex.com\/de\/wp-json\/wp\/v2\/pages"}],"about":[{"href":"https:\/\/copex.com\/de\/wp-json\/wp\/v2\/types\/page"}],"author":[{"embeddable":true,"href":"https:\/\/copex.com\/de\/wp-json\/wp\/v2\/users\/1"}],"replies":[{"embeddable":true,"href":"https:\/\/copex.com\/de\/wp-json\/wp\/v2\/comments?post=5440"}],"version-history":[{"count":1,"href":"https:\/\/copex.com\/de\/wp-json\/wp\/v2\/pages\/5440\/revisions"}],"predecessor-version":[{"id":5441,"href":"https:\/\/copex.com\/de\/wp-json\/wp\/v2\/pages\/5440\/revisions\/5441"}],"wp:attachment":[{"href":"https:\/\/copex.com\/de\/wp-json\/wp\/v2\/media?parent=5440"}],"curies":[{"name":"wp","href":"https:\/\/api.w.org\/{rel}","templated":true}]}}