{"id":4722,"date":"2020-03-24T11:13:22","date_gmt":"2020-03-24T10:13:22","guid":{"rendered":"https:\/\/copex.com\/setzen-sie-sich-mit-uns-in-verbindung\/"},"modified":"2025-07-07T13:35:00","modified_gmt":"2025-07-07T11:35:00","slug":"setzen-sie-sich-mit-uns-in-verbindung","status":"publish","type":"page","link":"https:\/\/copex.com\/de\/setzen-sie-sich-mit-uns-in-verbindung\/","title":{"rendered":"Wenden Sie sich an uns"},"content":{"rendered":"\n<p>Ob es sich um ein neues Projekt, eine Anfrage f\u00fcr Ihre bestehende Maschine oder um einen anderen Bedarf handelt, sind wir f\u00fcr Sie da!<\/p>\n\n<div style=\"height:30px\" aria-hidden=\"true\" class=\"wp-block-spacer\"><\/div>\n\n<div class=\"wp-block-columns is-layout-flex wp-container-core-columns-is-layout-9d6595d7 wp-block-columns-is-layout-flex\">\n<div class=\"wp-block-column is-layout-flow wp-block-column-is-layout-flow\" style=\"flex-basis:50%\">\n<h2 class=\"wp-block-heading\">Verkaufsabteilung<\/h2>\n\n\n\n<div style=\"height:30px\" aria-hidden=\"true\" class=\"wp-block-spacer\"><\/div>\n\n\n\n<div class=\"wp-block-columns is-layout-flex wp-container-core-columns-is-layout-9d6595d7 wp-block-columns-is-layout-flex\">\n<div class=\"wp-block-column is-layout-flow wp-block-column-is-layout-flow\"><div class=\"wp-block-image\">\n<figure class=\"aligncenter size-full is-resized\"><img decoding=\"async\" width=\"851\" height=\"872\" src=\"https:\/\/copex.com\/wp-content\/uploads\/2020\/03\/Hassoun-3-3.jpeg\" alt=\"\" class=\"wp-image-8854\" style=\"object-fit:cover;width:158px;height:auto\" srcset=\"https:\/\/copex.com\/wp-content\/uploads\/2020\/03\/Hassoun-3-3.jpeg 851w, https:\/\/copex.com\/wp-content\/uploads\/2020\/03\/Hassoun-3-3-293x300.jpeg 293w, https:\/\/copex.com\/wp-content\/uploads\/2020\/03\/Hassoun-3-3-768x787.jpeg 768w\" sizes=\"(max-width: 851px) 100vw, 851px\" \/><figcaption class=\"wp-element-caption\"><p><strong>Hassoun Ishak<br \/><\/strong>Area Sales Manager<br \/>Belgien, Niederlande, Italien, T\u00fcrkei, \u00c4gypten,<br data-start=\"154\" data-end=\"157\" \/>Naher Osten, Asien<br \/>+32 471 45 58 47<\/p><\/figcaption><\/figure>\n<\/div><\/div>\n\n\n\n<div class=\"wp-block-column is-layout-flow wp-block-column-is-layout-flow\"><div class=\"wp-block-image is-resized\">\n<figure class=\"aligncenter size-large\"><img decoding=\"async\" width=\"644\" height=\"611\" src=\"https:\/\/copex.com\/wp-content\/uploads\/2020\/03\/Francoise-Le-Bail.jpg\" alt=\"\" class=\"wp-image-6719\" style=\"aspect-ratio:1.0522875816993464;object-fit:cover;width:165px;height:auto\" srcset=\"https:\/\/copex.com\/wp-content\/uploads\/2020\/03\/Francoise-Le-Bail.jpg 644w, https:\/\/copex.com\/wp-content\/uploads\/2020\/03\/Francoise-Le-Bail-300x285.jpg 300w\" sizes=\"(max-width: 644px) 100vw, 644px\" \/><figcaption class=\"wp-element-caption\"><p><strong>Fran\u00e7oise Le Bail<br \/><\/strong>Area Sales Manager<br \/>Frankreich, Deutschland, Spanien, Griechenland, Portugal, S\u00fcdamerika<br \/>+33 7 57 68 22 56<\/p><br \/><p>\u00a0<\/p><\/figcaption><\/figure>\n<\/div><\/div>\n\n\n\n<div class=\"wp-block-column is-layout-flow wp-block-column-is-layout-flow\"><div class=\"wp-block-image\">\n<figure class=\"aligncenter size-large is-resized\"><img decoding=\"async\" width=\"768\" height=\"1024\" src=\"https:\/\/copex.com\/wp-content\/uploads\/2020\/03\/Olivier-Pic-768x1024.jpg\" alt=\"\" class=\"wp-image-8047\" style=\"object-fit:cover;width:161px;height:153px\" srcset=\"https:\/\/copex.com\/wp-content\/uploads\/2020\/03\/Olivier-Pic-768x1024.jpg 768w, https:\/\/copex.com\/wp-content\/uploads\/2020\/03\/Olivier-Pic-225x300.jpg 225w, https:\/\/copex.com\/wp-content\/uploads\/2020\/03\/Olivier-Pic-1152x1536.jpg 1152w, https:\/\/copex.com\/wp-content\/uploads\/2020\/03\/Olivier-Pic-1536x2048.jpg 1536w, https:\/\/copex.com\/wp-content\/uploads\/2020\/03\/Olivier-Pic-1200x1600.jpg 1200w, https:\/\/copex.com\/wp-content\/uploads\/2020\/03\/Olivier-Pic-scaled.jpg 1725w\" sizes=\"(max-width: 768px) 100vw, 768px\" \/><figcaption class=\"wp-element-caption\"><p><strong>Olivier Lef\u00e8vre<\/strong><br \/>Area Sales Manager<br \/>Vereinigtes K\u00f6nigreich, Nordamerika, Australien, S\u00fcdafrika, Skandinavien, Baltische Staaten, Mitteleuropa,<br \/>+32 474 18 03 14\u00a0\u00a0\u00a0\u00a0\u00a0<\/p><\/figcaption><\/figure>\n<\/div>\n\n\n<p><\/p>\n<\/div>\n<\/div>\n\n\n\n<h2 class=\"wp-block-heading\">Kundendienst<\/h2>\n\n\n\n<div style=\"height:30px\" aria-hidden=\"true\" class=\"wp-block-spacer\"><\/div>\n\n\n\n<div class=\"wp-block-columns is-layout-flex wp-container-core-columns-is-layout-9d6595d7 wp-block-columns-is-layout-flex\">\n<div class=\"wp-block-column is-layout-flow wp-block-column-is-layout-flow\">\n<figure class=\"wp-block-image size-large is-resized\"><img decoding=\"async\" width=\"1024\" height=\"1024\" src=\"https:\/\/copex.com\/wp-content\/uploads\/2020\/03\/Jean-Baptiste-brient-scaled-e1591719625100-1024x1024.jpg\" alt=\"\" class=\"wp-image-2549\" style=\"width:149px;height:149px\" srcset=\"https:\/\/copex.com\/wp-content\/uploads\/2020\/03\/Jean-Baptiste-brient-scaled-e1591719625100-1024x1024.jpg 1024w, https:\/\/copex.com\/wp-content\/uploads\/2020\/03\/Jean-Baptiste-brient-scaled-e1591719625100-300x300.jpg 300w, https:\/\/copex.com\/wp-content\/uploads\/2020\/03\/Jean-Baptiste-brient-scaled-e1591719625100-150x150.jpg 150w, https:\/\/copex.com\/wp-content\/uploads\/2020\/03\/Jean-Baptiste-brient-scaled-e1591719625100-768x768.jpg 768w, https:\/\/copex.com\/wp-content\/uploads\/2020\/03\/Jean-Baptiste-brient-scaled-e1591719625100-1200x1200.jpg 1200w, https:\/\/copex.com\/wp-content\/uploads\/2020\/03\/Jean-Baptiste-brient-scaled-e1591719625100.jpg 1495w\" sizes=\"(max-width: 1024px) 100vw, 1024px\" \/><figcaption class=\"wp-element-caption\"><p><strong>Jean-Baptiste Brient<\/strong><br \/>Support Frankreich<\/p><\/figcaption><\/figure>\n\n\n\n<p><\/p>\n<\/div>\n\n\n\n<div class=\"wp-block-column is-layout-flow wp-block-column-is-layout-flow\">\n<figure class=\"wp-block-image size-large is-resized\"><img decoding=\"async\" width=\"1024\" height=\"1024\" src=\"https:\/\/copex.com\/wp-content\/uploads\/2020\/03\/Magali-Roger-scaled-e1591716008749-1024x1024.jpg\" alt=\"\" class=\"wp-image-2554\" style=\"width:146px;height:146px\" srcset=\"https:\/\/copex.com\/wp-content\/uploads\/2020\/03\/Magali-Roger-scaled-e1591716008749-1024x1024.jpg 1024w, https:\/\/copex.com\/wp-content\/uploads\/2020\/03\/Magali-Roger-scaled-e1591716008749-300x300.jpg 300w, https:\/\/copex.com\/wp-content\/uploads\/2020\/03\/Magali-Roger-scaled-e1591716008749-150x150.jpg 150w, https:\/\/copex.com\/wp-content\/uploads\/2020\/03\/Magali-Roger-scaled-e1591716008749-768x768.jpg 768w, https:\/\/copex.com\/wp-content\/uploads\/2020\/03\/Magali-Roger-scaled-e1591716008749-1536x1536.jpg 1536w, https:\/\/copex.com\/wp-content\/uploads\/2020\/03\/Magali-Roger-scaled-e1591716008749-1200x1200.jpg 1200w, https:\/\/copex.com\/wp-content\/uploads\/2020\/03\/Magali-Roger-scaled-e1591716008749.jpg 1575w\" sizes=\"(max-width: 1024px) 100vw, 1024px\" \/><figcaption class=\"wp-element-caption\"><p><strong>Magali Roger<\/strong><br \/>Verkaufsverwaltung<\/p><\/figcaption><\/figure>\n<\/div>\n\n\n\n<div class=\"wp-block-column is-layout-flow wp-block-column-is-layout-flow\">\n<figure class=\"wp-block-image size-large is-resized\"><img decoding=\"async\" width=\"1024\" height=\"1024\" src=\"https:\/\/copex.com\/wp-content\/uploads\/2020\/03\/Antoine-Charpentier-scaled-e1591719731923-1024x1024.jpg\" alt=\"\" class=\"wp-image-2544\" style=\"width:143px;height:143px\" srcset=\"https:\/\/copex.com\/wp-content\/uploads\/2020\/03\/Antoine-Charpentier-scaled-e1591719731923-1024x1024.jpg 1024w, https:\/\/copex.com\/wp-content\/uploads\/2020\/03\/Antoine-Charpentier-scaled-e1591719731923-300x300.jpg 300w, https:\/\/copex.com\/wp-content\/uploads\/2020\/03\/Antoine-Charpentier-scaled-e1591719731923-150x150.jpg 150w, https:\/\/copex.com\/wp-content\/uploads\/2020\/03\/Antoine-Charpentier-scaled-e1591719731923-768x768.jpg 768w, https:\/\/copex.com\/wp-content\/uploads\/2020\/03\/Antoine-Charpentier-scaled-e1591719731923-1200x1200.jpg 1200w, https:\/\/copex.com\/wp-content\/uploads\/2020\/03\/Antoine-Charpentier-scaled-e1591719731923.jpg 1368w\" sizes=\"(max-width: 1024px) 100vw, 1024px\" \/><figcaption class=\"wp-element-caption\"><p><strong>Antoine Charpentier<\/strong><br \/>Support Export<\/p><\/figcaption><\/figure>\n<\/div>\n<\/div>\n\n\n\n<p><p><a href=\"https:\/\/copex.com\/de\/betrieb\/\">Wollen Sie mehr \u00fcber COPEX lernen?<\/a><\/p><\/p>\n\n\n\n<h2 class=\"wp-block-heading\">Copex<\/h2>\n\n\n\n<ul class=\"wp-block-list\">\n<li>331 rue de Kerpont <br \/>56850 CAUDAN<\/li>\n\n\n\n<li><a href=\"0297762644\">02.97.76.26.44<\/a><\/li>\n<\/ul>\n\n\n\n<p>Postanschrift: Z.I de Kerpont, BP60328, 56603 Lanester Cedex, Frankreich<\/p>\n<\/div>\n\n\n\n<div class=\"wp-block-column is-vertically-aligned-center is-layout-flow wp-block-column-is-layout-flow\">\n\t\t\t\t\t\t<script>\n\t\t\t\t\t\t\twindow.hsFormsOnReady = window.hsFormsOnReady || [];\n\t\t\t\t\t\t\twindow.hsFormsOnReady.push(()=>{\n\t\t\t\t\t\t\t\thbspt.forms.create({\n\t\t\t\t\t\t\t\t\tportalId: 6422797,\n\t\t\t\t\t\t\t\t\tformId: \"a4682199-c05b-438b-8a3f-ec271a0e078b\",\n\t\t\t\t\t\t\t\t\ttarget: \"#hbspt-form-1776163464000-3591070208\",\n\t\t\t\t\t\t\t\t\tregion: \"\",\n\t\t\t\t\t\t\t\t\t\n\t\t\t\t\t\t\t})});\n\t\t\t\t\t\t<\/script>\n\t\t\t\t\t\t<div class=\"hbspt-form\" id=\"hbspt-form-1776163464000-3591070208\"><\/div>\n\n\n\n<div style=\"height:100px\" aria-hidden=\"true\" class=\"wp-block-spacer\"><\/div>\n<\/div>\n<\/div>\n\n<div style=\"height:20px\" aria-hidden=\"true\" class=\"wp-block-spacer\"><\/div>\n\n<div style=\"height:20px\" aria-hidden=\"true\" class=\"wp-block-spacer\"><\/div>\n\n<h2 class=\"wp-block-heading\">Unsere Partnerschaften in der Welt<\/h2>\n\n<div style=\"height:30px\" aria-hidden=\"true\" class=\"wp-block-spacer\"><\/div>\n\n<p>Im Laufe der Jahre haben wir unsere Vertriebsorganisation und technische Unterst\u00fctzung durch lokale Partnerschaften in Russland, den USA, Australien, der T\u00fcrkei und Europa erg\u00e4nzt. Kontaktieren Sie unsere Partner.<\/p>\n\n<div style=\"height:30px\" aria-hidden=\"true\" class=\"wp-block-spacer\"><\/div>\n","protected":false},"excerpt":{"rendered":"<p>Ob es sich um ein neues Projekt, eine Anfrage f\u00fcr Ihre bestehende Maschine oder um einen anderen Bedarf handelt, sind wir f\u00fcr Sie da! Verkaufsabteilung Kundendienst Wollen Sie mehr \u00fcber COPEX lernen? Copex Postanschrift: Z.I de Kerpont, BP60328, 56603 Lanester Cedex, Frankreich Unsere Partnerschaften in&hellip;<\/p>\n","protected":false},"author":1,"featured_media":0,"parent":0,"menu_order":0,"comment_status":"closed","ping_status":"closed","template":"template-contact.php","meta":{"_acf_changed":false,"content-type":"","footnotes":""},"class_list":["post-4722","page","type-page","status-publish","hentry"],"acf":[],"yoast_head":"<!-- This site is optimized with the Yoast SEO plugin v27.3 - https:\/\/yoast.com\/product\/yoast-seo-wordpress\/ -->\n<title>Wenden Sie sich an uns - Copex<\/title>\n<meta name=\"robots\" content=\"index, follow, max-snippet:-1, max-image-preview:large, max-video-preview:-1\" \/>\n<link rel=\"canonical\" href=\"https:\/\/copex.com\/de\/setzen-sie-sich-mit-uns-in-verbindung\/\" \/>\n<meta property=\"og:locale\" content=\"de_DE\" \/>\n<meta property=\"og:type\" content=\"article\" \/>\n<meta property=\"og:title\" content=\"Wenden Sie sich an uns - Copex\" \/>\n<meta property=\"og:description\" content=\"Ob es sich um ein neues Projekt, eine Anfrage f\u00fcr Ihre bestehende Maschine oder um einen anderen Bedarf handelt, sind wir f\u00fcr Sie da! Verkaufsabteilung Kundendienst Wollen Sie mehr \u00fcber COPEX lernen? Copex Postanschrift: Z.I de Kerpont, BP60328, 56603 Lanester Cedex, Frankreich Unsere Partnerschaften in&hellip;\" \/>\n<meta property=\"og:url\" content=\"https:\/\/copex.com\/de\/setzen-sie-sich-mit-uns-in-verbindung\/\" \/>\n<meta property=\"og:site_name\" content=\"Copex\" \/>\n<meta property=\"article:modified_time\" content=\"2025-07-07T11:35:00+00:00\" \/>\n<meta property=\"og:image\" content=\"https:\/\/copex.com\/wp-content\/uploads\/2020\/03\/Hassoun-3-3.jpeg\" \/>\n\t<meta property=\"og:image:width\" content=\"851\" \/>\n\t<meta property=\"og:image:height\" content=\"872\" \/>\n\t<meta property=\"og:image:type\" content=\"image\/jpeg\" \/>\n<meta name=\"twitter:card\" content=\"summary_large_image\" \/>\n<meta name=\"twitter:label1\" content=\"Gesch\u00e4tzte Lesezeit\" \/>\n\t<meta name=\"twitter:data1\" content=\"1\u00a0Minute\" \/>\n<script type=\"application\/ld+json\" class=\"yoast-schema-graph\">{\"@context\":\"https:\\\/\\\/schema.org\",\"@graph\":[{\"@type\":\"WebPage\",\"@id\":\"https:\\\/\\\/copex.com\\\/de\\\/setzen-sie-sich-mit-uns-in-verbindung\\\/\",\"url\":\"https:\\\/\\\/copex.com\\\/de\\\/setzen-sie-sich-mit-uns-in-verbindung\\\/\",\"name\":\"Wenden Sie sich an uns - Copex\",\"isPartOf\":{\"@id\":\"https:\\\/\\\/copex.com\\\/de\\\/#website\"},\"primaryImageOfPage\":{\"@id\":\"https:\\\/\\\/copex.com\\\/de\\\/setzen-sie-sich-mit-uns-in-verbindung\\\/#primaryimage\"},\"image\":{\"@id\":\"https:\\\/\\\/copex.com\\\/de\\\/setzen-sie-sich-mit-uns-in-verbindung\\\/#primaryimage\"},\"thumbnailUrl\":\"https:\\\/\\\/copex.com\\\/wp-content\\\/uploads\\\/2020\\\/03\\\/Hassoun-3-3.jpeg\",\"datePublished\":\"2020-03-24T10:13:22+00:00\",\"dateModified\":\"2025-07-07T11:35:00+00:00\",\"breadcrumb\":{\"@id\":\"https:\\\/\\\/copex.com\\\/de\\\/setzen-sie-sich-mit-uns-in-verbindung\\\/#breadcrumb\"},\"inLanguage\":\"de\",\"potentialAction\":[{\"@type\":\"ReadAction\",\"target\":[\"https:\\\/\\\/copex.com\\\/de\\\/setzen-sie-sich-mit-uns-in-verbindung\\\/\"]}]},{\"@type\":\"ImageObject\",\"inLanguage\":\"de\",\"@id\":\"https:\\\/\\\/copex.com\\\/de\\\/setzen-sie-sich-mit-uns-in-verbindung\\\/#primaryimage\",\"url\":\"https:\\\/\\\/copex.com\\\/wp-content\\\/uploads\\\/2020\\\/03\\\/Hassoun-3-3.jpeg\",\"contentUrl\":\"https:\\\/\\\/copex.com\\\/wp-content\\\/uploads\\\/2020\\\/03\\\/Hassoun-3-3.jpeg\"},{\"@type\":\"BreadcrumbList\",\"@id\":\"https:\\\/\\\/copex.com\\\/de\\\/setzen-sie-sich-mit-uns-in-verbindung\\\/#breadcrumb\",\"itemListElement\":[{\"@type\":\"ListItem\",\"position\":1,\"name\":\"Home\",\"item\":\"https:\\\/\\\/copex.com\\\/de\\\/\"},{\"@type\":\"ListItem\",\"position\":2,\"name\":\"Wenden Sie sich an uns\"}]},{\"@type\":\"WebSite\",\"@id\":\"https:\\\/\\\/copex.com\\\/de\\\/#website\",\"url\":\"https:\\\/\\\/copex.com\\\/de\\\/\",\"name\":\"Copex\",\"description\":\"Un site utilisant WordPress\",\"publisher\":{\"@id\":\"https:\\\/\\\/copex.com\\\/de\\\/#organization\"},\"potentialAction\":[{\"@type\":\"SearchAction\",\"target\":{\"@type\":\"EntryPoint\",\"urlTemplate\":\"https:\\\/\\\/copex.com\\\/de\\\/?s={search_term_string}\"},\"query-input\":{\"@type\":\"PropertyValueSpecification\",\"valueRequired\":true,\"valueName\":\"search_term_string\"}}],\"inLanguage\":\"de\"},{\"@type\":\"Organization\",\"@id\":\"https:\\\/\\\/copex.com\\\/de\\\/#organization\",\"name\":\"copex\",\"url\":\"https:\\\/\\\/copex.com\\\/de\\\/\",\"logo\":{\"@type\":\"ImageObject\",\"inLanguage\":\"de\",\"@id\":\"https:\\\/\\\/copex.com\\\/de\\\/#\\\/schema\\\/logo\\\/image\\\/\",\"url\":\"https:\\\/\\\/copex.com\\\/wp-content\\\/uploads\\\/2020\\\/03\\\/cropped-Logo-COPEX-@x2.jpg\",\"contentUrl\":\"https:\\\/\\\/copex.com\\\/wp-content\\\/uploads\\\/2020\\\/03\\\/cropped-Logo-COPEX-@x2.jpg\",\"width\":457,\"height\":100,\"caption\":\"copex\"},\"image\":{\"@id\":\"https:\\\/\\\/copex.com\\\/de\\\/#\\\/schema\\\/logo\\\/image\\\/\"}}]}<\/script>\n<!-- \/ Yoast SEO plugin. -->","yoast_head_json":{"title":"Wenden Sie sich an uns - Copex","robots":{"index":"index","follow":"follow","max-snippet":"max-snippet:-1","max-image-preview":"max-image-preview:large","max-video-preview":"max-video-preview:-1"},"canonical":"https:\/\/copex.com\/de\/setzen-sie-sich-mit-uns-in-verbindung\/","og_locale":"de_DE","og_type":"article","og_title":"Wenden Sie sich an uns - Copex","og_description":"Ob es sich um ein neues Projekt, eine Anfrage f\u00fcr Ihre bestehende Maschine oder um einen anderen Bedarf handelt, sind wir f\u00fcr Sie da! Verkaufsabteilung Kundendienst Wollen Sie mehr \u00fcber COPEX lernen? Copex Postanschrift: Z.I de Kerpont, BP60328, 56603 Lanester Cedex, Frankreich Unsere Partnerschaften in&hellip;","og_url":"https:\/\/copex.com\/de\/setzen-sie-sich-mit-uns-in-verbindung\/","og_site_name":"Copex","article_modified_time":"2025-07-07T11:35:00+00:00","og_image":[{"width":851,"height":872,"url":"https:\/\/copex.com\/wp-content\/uploads\/2020\/03\/Hassoun-3-3.jpeg","type":"image\/jpeg"}],"twitter_card":"summary_large_image","twitter_misc":{"Gesch\u00e4tzte Lesezeit":"1\u00a0Minute"},"schema":{"@context":"https:\/\/schema.org","@graph":[{"@type":"WebPage","@id":"https:\/\/copex.com\/de\/setzen-sie-sich-mit-uns-in-verbindung\/","url":"https:\/\/copex.com\/de\/setzen-sie-sich-mit-uns-in-verbindung\/","name":"Wenden Sie sich an uns - Copex","isPartOf":{"@id":"https:\/\/copex.com\/de\/#website"},"primaryImageOfPage":{"@id":"https:\/\/copex.com\/de\/setzen-sie-sich-mit-uns-in-verbindung\/#primaryimage"},"image":{"@id":"https:\/\/copex.com\/de\/setzen-sie-sich-mit-uns-in-verbindung\/#primaryimage"},"thumbnailUrl":"https:\/\/copex.com\/wp-content\/uploads\/2020\/03\/Hassoun-3-3.jpeg","datePublished":"2020-03-24T10:13:22+00:00","dateModified":"2025-07-07T11:35:00+00:00","breadcrumb":{"@id":"https:\/\/copex.com\/de\/setzen-sie-sich-mit-uns-in-verbindung\/#breadcrumb"},"inLanguage":"de","potentialAction":[{"@type":"ReadAction","target":["https:\/\/copex.com\/de\/setzen-sie-sich-mit-uns-in-verbindung\/"]}]},{"@type":"ImageObject","inLanguage":"de","@id":"https:\/\/copex.com\/de\/setzen-sie-sich-mit-uns-in-verbindung\/#primaryimage","url":"https:\/\/copex.com\/wp-content\/uploads\/2020\/03\/Hassoun-3-3.jpeg","contentUrl":"https:\/\/copex.com\/wp-content\/uploads\/2020\/03\/Hassoun-3-3.jpeg"},{"@type":"BreadcrumbList","@id":"https:\/\/copex.com\/de\/setzen-sie-sich-mit-uns-in-verbindung\/#breadcrumb","itemListElement":[{"@type":"ListItem","position":1,"name":"Home","item":"https:\/\/copex.com\/de\/"},{"@type":"ListItem","position":2,"name":"Wenden Sie sich an uns"}]},{"@type":"WebSite","@id":"https:\/\/copex.com\/de\/#website","url":"https:\/\/copex.com\/de\/","name":"Copex","description":"Un site utilisant WordPress","publisher":{"@id":"https:\/\/copex.com\/de\/#organization"},"potentialAction":[{"@type":"SearchAction","target":{"@type":"EntryPoint","urlTemplate":"https:\/\/copex.com\/de\/?s={search_term_string}"},"query-input":{"@type":"PropertyValueSpecification","valueRequired":true,"valueName":"search_term_string"}}],"inLanguage":"de"},{"@type":"Organization","@id":"https:\/\/copex.com\/de\/#organization","name":"copex","url":"https:\/\/copex.com\/de\/","logo":{"@type":"ImageObject","inLanguage":"de","@id":"https:\/\/copex.com\/de\/#\/schema\/logo\/image\/","url":"https:\/\/copex.com\/wp-content\/uploads\/2020\/03\/cropped-Logo-COPEX-@x2.jpg","contentUrl":"https:\/\/copex.com\/wp-content\/uploads\/2020\/03\/cropped-Logo-COPEX-@x2.jpg","width":457,"height":100,"caption":"copex"},"image":{"@id":"https:\/\/copex.com\/de\/#\/schema\/logo\/image\/"}}]}},"_links":{"self":[{"href":"https:\/\/copex.com\/de\/wp-json\/wp\/v2\/pages\/4722","targetHints":{"allow":["GET"]}}],"collection":[{"href":"https:\/\/copex.com\/de\/wp-json\/wp\/v2\/pages"}],"about":[{"href":"https:\/\/copex.com\/de\/wp-json\/wp\/v2\/types\/page"}],"author":[{"embeddable":true,"href":"https:\/\/copex.com\/de\/wp-json\/wp\/v2\/users\/1"}],"replies":[{"embeddable":true,"href":"https:\/\/copex.com\/de\/wp-json\/wp\/v2\/comments?post=4722"}],"version-history":[{"count":21,"href":"https:\/\/copex.com\/de\/wp-json\/wp\/v2\/pages\/4722\/revisions"}],"predecessor-version":[{"id":8874,"href":"https:\/\/copex.com\/de\/wp-json\/wp\/v2\/pages\/4722\/revisions\/8874"}],"wp:attachment":[{"href":"https:\/\/copex.com\/de\/wp-json\/wp\/v2\/media?parent=4722"}],"curies":[{"name":"wp","href":"https:\/\/api.w.org\/{rel}","templated":true}]}}