{"id":4718,"date":"2020-03-24T11:08:12","date_gmt":"2020-03-24T10:08:12","guid":{"rendered":"https:\/\/copex.com\/betrieb\/"},"modified":"2022-05-12T09:05:45","modified_gmt":"2022-05-12T07:05:45","slug":"betrieb","status":"publish","type":"page","link":"https:\/\/copex.com\/de\/betrieb\/","title":{"rendered":"Betrieb"},"content":{"rendered":"\n<h2 class=\"has-text-align-left wp-block-heading\"><p><strong>Unsere Geschichte in einigen Schl\u00fcsseldaten<\/strong><\/p><\/h2>\n\n\n\n<hr class=\"wp-block-separator is-style-wide\" \/>\n\n\n\n<div style=\"height:30px\" aria-hidden=\"true\" class=\"wp-block-spacer\"><\/div>\n\n\n\n<div class=\"wp-block-image\"><figure class=\"aligncenter size-large\"><img decoding=\"async\" width=\"1024\" height=\"1024\" src=\"https:\/\/copex.com\/wp-content\/uploads\/2020\/03\/Frise_1240x1240_2021_sept_DE-1024x1024.png\" alt=\"\" class=\"wp-image-7152\" srcset=\"https:\/\/copex.com\/wp-content\/uploads\/2020\/03\/Frise_1240x1240_2021_sept_DE-1024x1024.png 1024w, https:\/\/copex.com\/wp-content\/uploads\/2020\/03\/Frise_1240x1240_2021_sept_DE-300x300.png 300w, https:\/\/copex.com\/wp-content\/uploads\/2020\/03\/Frise_1240x1240_2021_sept_DE-150x150.png 150w, https:\/\/copex.com\/wp-content\/uploads\/2020\/03\/Frise_1240x1240_2021_sept_DE-768x768.png 768w, https:\/\/copex.com\/wp-content\/uploads\/2020\/03\/Frise_1240x1240_2021_sept_DE-1200x1200.png 1200w, https:\/\/copex.com\/wp-content\/uploads\/2020\/03\/Frise_1240x1240_2021_sept_DE.png 1240w\" sizes=\"(max-width: 1024px) 100vw, 1024px\" \/><\/figure><\/div>\n\n\n\n<div style=\"height:50px\" aria-hidden=\"true\" class=\"wp-block-spacer\"><\/div>\n\n\n\n<h2 class=\"wp-block-heading\">Hergestellt in Frankreich<\/h2>\n\n\n\n<hr class=\"wp-block-separator is-style-wide\" \/>\n\n\n\n<div style=\"height:30px\" aria-hidden=\"true\" class=\"wp-block-spacer\"><\/div>\n\n\n\n<div class=\"wp-block-columns is-layout-flex wp-container-core-columns-is-layout-9d6595d7 wp-block-columns-is-layout-flex\">\n<div class=\"wp-block-column is-layout-flow wp-block-column-is-layout-flow\">\n<figure class=\"wp-block-image size-large\"><img decoding=\"async\" width=\"1024\" height=\"681\" src=\"https:\/\/copex.com\/wp-content\/uploads\/2020\/03\/Copex-usine-34-1024x681.jpg\" alt=\"\" class=\"wp-image-2308\" srcset=\"https:\/\/copex.com\/wp-content\/uploads\/2020\/03\/Copex-usine-34-1024x681.jpg 1024w, https:\/\/copex.com\/wp-content\/uploads\/2020\/03\/Copex-usine-34-300x200.jpg 300w, https:\/\/copex.com\/wp-content\/uploads\/2020\/03\/Copex-usine-34-768x511.jpg 768w, https:\/\/copex.com\/wp-content\/uploads\/2020\/03\/Copex-usine-34-1536x1022.jpg 1536w, https:\/\/copex.com\/wp-content\/uploads\/2020\/03\/Copex-usine-34-2048x1363.jpg 2048w, https:\/\/copex.com\/wp-content\/uploads\/2020\/03\/Copex-usine-34-1200x798.jpg 1200w\" sizes=\"(max-width: 1024px) 100vw, 1024px\" \/><\/figure>\n<\/div>\n\n\n\n<div class=\"wp-block-column is-layout-flow wp-block-column-is-layout-flow\">\n<p><p>Wir haben stets die <strong>vollst\u00e4ndige Kontrolle \u00fcber die Herstellungsprozesse<\/strong> f\u00fcr Maschinen und Teile in unserem Werk in Caudan, Frankreich behalten, in dem <strong>rund 100 Mitarbeiter<\/strong> besch\u00e4ftigt sind.<\/p>&#013;\n<p>\u00a0<\/p><\/p>\n\n\n\n<p>Hier stellen wir jede unserer Maschinen her und montieren sie vollst\u00e4ndig, so dass wir sie testen und verl\u00e4sslich machen k\u00f6nnen, bevor sie an ihren Standort gehen. <\/p>\n\n\n\n<p><p>Nur so k\u00f6nnen wir die <strong>Fertigungsqualit\u00e4t unserer Anlagen garantieren<\/strong>.<\/p><\/p>\n\n\n\n<p><p>Als <strong>Unternehmen von menschlicher Gr\u00f6\u00dfe<\/strong> k\u00f6nnen wir die n<strong>otwendige Flexibilit\u00e4t bieten, um die f\u00fcr die spezifischen Bed\u00fcrfnisse unserer Kunden am besten geeignete L\u00f6sung vorzuschlagen<\/strong>.<\/p><\/p>\n\n\n\n<p><p>Wir sind auch in der Lage, <strong>schnell und mit perfekter R\u00fcckverfolgbarkeit<\/strong> auf ihre Bed\u00fcrfnisse zu reagieren, insbesondere bei dringenden Reparaturen.<\/p><\/p>\n<\/div>\n<\/div>\n\n\n\n<p><p><strong>Diese Entscheidung, vor Ort zu produzieren, wird von unseren Kunden einstimmig gesch\u00e4tzt<\/strong>, die es besonders gerne haben, ihre Maschinen bei uns in Empfang nehmen zu k\u00f6nnen.<\/p>&#013;\n<p><strong>\u00a0<\/strong><\/p><\/p>\n\n\n\n<div style=\"height:50px\" aria-hidden=\"true\" class=\"wp-block-spacer\"><\/div>\n\n\n\n<h2 class=\"has-text-align-left wp-block-heading\"><p><strong>Eine erfolgreiche Diversifizierung<\/strong><\/p><\/h2>\n\n\n\n<hr class=\"wp-block-separator is-style-wide\" \/>\n\n\n\n<div style=\"height:30px\" aria-hidden=\"true\" class=\"wp-block-spacer\"><\/div>\n\n\n\n<p><p>Die Herstellung von Pressen und Scheren ist die historische Aktivit\u00e4t unseres Unternehmens. Wir legen gro\u00dfen Wert darauf, <strong>im engen Kontakt mit den Maschinenbenutzern zu stehen<\/strong>, um auf alle ihre Bed\u00fcrfnisse einzugehen, und <strong>uns an Marktentwicklungen anzupassen<\/strong>. Aus diesem Grund sind wir <strong>zu einem bevorzugten Partner von Schrott- und Metallrecyclern und Stahlherstellern<\/strong>\u00a0geworden. In dem Bewusstsein, dass unser Know-how und unsere Fachkenntnisse auch f\u00fcr andere Anwendungen genutzt werden konnten, haben wir <strong>neue Verdichtungsl\u00f6sungen f\u00fcr andere schnell wachsende Sektoren entwickelt<\/strong>:<\/p><\/p>\n\n\n\n<div style=\"height:20px\" aria-hidden=\"true\" class=\"wp-block-spacer\"><\/div>\n\n\n\n<div class=\"wp-block-columns is-layout-flex wp-container-core-columns-is-layout-9d6595d7 wp-block-columns-is-layout-flex\">\n<div class=\"wp-block-column is-layout-flow wp-block-column-is-layout-flow\">\n<ul class=\"wp-block-list\"><li><p><strong>Agrarsektor<\/strong>: Wir liefern Ballenpressen f\u00fcr die Hochverdihtung von Luzerne, Stroh und anderen landwirtschaftlichen Fasern, haupts\u00e4chlich f\u00fcr den Export.<\/p>\r\n<p>&nbsp;<\/p><\/li><li><p><strong>Haushaltsabfall-Recyclingindustrie<\/strong>: Unsere Ballenpressen wurden zuerst zum Pressen von unsortiertem Hausm\u00fcll zur Speicherung auf M\u00fclldeponien benutzt. Mit dem Aufkommen neuer Recyclingkan\u00e4le haben wir Multimaterial-Ballenpressen entwickelt, die in der Lage sind, die gro\u00dfe Mehrheit der zusammendr\u00fcckbaren Abf\u00e4lle zu verarbeiten.<\/p><\/li><li><p><strong>Nuklearindustrie<\/strong>: Um dem wachsenden Bedarf an der Aufbereitung\/Verpackung von Nuklearabf\u00e4llen aus dem Betrieb und dem R\u00fcckbau der Atomkraftwerke\/Kernkraftwerke gerecht zu werden, haben wir unsere Maschinen an die spezifischen Anwendungen dieser Industrie angepasst. Angesehene Kunden zeugen von der Qualit\u00e4t unseres Angebots.<\/p><\/li><li><p><strong>Andere industrielle Anwendungen<\/strong>: Auch Unternehmen der Automobil-, Fertigungs- oder Lebensmittelindustrie setzen COPEX-Maschinen ein, um ihre Produktionsabf\u00e4lle und Industrieabf\u00e4lle zu verwerten, haupts\u00e4chlich durch Paketieren.<\/p>\r\n<p>&nbsp;<\/p><\/li><\/ul>\n\n\n\n<div style=\"height:30px\" aria-hidden=\"true\" class=\"wp-block-spacer\"><\/div>\n<\/div>\n\n\n\n<div class=\"wp-block-column is-layout-flow wp-block-column-is-layout-flow\">\n<figure class=\"wp-block-image size-large\"><img decoding=\"async\" width=\"2300\" height=\"1535\" src=\"https:\/\/copex.com\/wp-content\/uploads\/2020\/03\/Presse-\u00e0-balles-PMM-25-scaled.jpg\" alt=\"\" class=\"wp-image-1330\" \/><\/figure>\n<\/div>\n<\/div>\n\n\n\n<figure class=\"wp-block-image alignfull size-large\"><img decoding=\"async\" width=\"1024\" height=\"326\" src=\"https:\/\/copex.com\/wp-content\/uploads\/2020\/03\/COPEX-ENTIER-APLATI-1024x326.jpg\" alt=\"\" class=\"wp-image-3362\" srcset=\"https:\/\/copex.com\/wp-content\/uploads\/2020\/03\/COPEX-ENTIER-APLATI-1024x326.jpg 1024w, https:\/\/copex.com\/wp-content\/uploads\/2020\/03\/COPEX-ENTIER-APLATI-300x96.jpg 300w, https:\/\/copex.com\/wp-content\/uploads\/2020\/03\/COPEX-ENTIER-APLATI-768x245.jpg 768w, https:\/\/copex.com\/wp-content\/uploads\/2020\/03\/COPEX-ENTIER-APLATI-1536x489.jpg 1536w, https:\/\/copex.com\/wp-content\/uploads\/2020\/03\/COPEX-ENTIER-APLATI-2048x652.jpg 2048w, https:\/\/copex.com\/wp-content\/uploads\/2020\/03\/COPEX-ENTIER-APLATI-1200x382.jpg 1200w\" sizes=\"(max-width: 1024px) 100vw, 1024px\" \/><\/figure>\n\n\n\n<div style=\"height:50px\" aria-hidden=\"true\" class=\"wp-block-spacer\"><\/div>\n\n\n\n<h2 class=\"has-text-align-left wp-block-heading\"><p><strong>Bedeutung von Forschung und Entwicklung<\/strong><\/p><\/h2>\n\n\n\n<hr class=\"wp-block-separator is-style-wide\" \/>\n\n\n\n<div style=\"height:30px\" aria-hidden=\"true\" class=\"wp-block-spacer\"><\/div>\n\n\n\n<p>Im Laufe der Jahre hat die Forschungs- und Entwicklungst\u00e4tigkeit in unserem Unternehmen erheblich zugenommen. <\/p>\n\n\n\n<p>Das Konstruktionsb\u00fcro, das sein Personal innerhalb weniger Jahre verdoppelt hat, besteht aus Ingenieuren und Technikern mit diversifizierten und sich erg\u00e4nzenden Kompetenzen in den Bereichen Hydraulik, Mechanik und Automatisierung.  <\/p>\n\n\n\n<p><p><strong>Seit 2011 haben wir unser gesamtes Angebot an Pressen und Scheren durch innovative und patentierte L\u00f6sungen erneuert. <\/strong><\/p><\/p>\n\n\n\n<p>Das technische Sachwissen unseres Teams ist weithin anerkannt, wie z.B. im Nuklearsektor, dessen Anforderungen wohlbekannt sind. <\/p>\n\n\n\n<p><p>Wir verf\u00fcgen \u00fcber einen gro\u00dfen Trumpf: <strong>Als Konstrukteur-Bauer bietet unser Unternehmen die notwendige N\u00e4he zwischen den Mitarbeitern, die die Maschinen herstellen, und denjenigen, die f\u00fcr die Entwicklung und Anpassung der Maschinen verantwortlich sind<\/strong>.<\/p>&#013;\n<p>\u00a0<\/p><\/p>\n\n\n\n<p>Unser Konstruktionsb\u00fcro versteht sehr gut Kunden. Im Rahmen des COPEX-Qualit\u00e4tsplans haben wir ein System f\u00fcr den Informationsaustausch mit dem Kundendienst eingerichtet, der vor Ort pr\u00e4sent ist. <\/p>\n\n\n\n<p><p>Seit mehreren Jahren arbeiten wir hart daran, Kunden-Feedback schnell bearbeiten und L\u00f6sungen umsetzen zu k\u00f6nnen. <strong>Wir haben gelernt, sehr reaktiv zu sein<\/strong>.<\/p><\/p>\n\n\n\n<div style=\"height:30px\" aria-hidden=\"true\" class=\"wp-block-spacer\"><\/div>\n\n\n\n<div style=\"height:30px\" aria-hidden=\"true\" class=\"wp-block-spacer\"><\/div>\n\n\n\n<figure class=\"wp-block-image alignfull size-large\"><img decoding=\"async\" width=\"1024\" height=\"346\" src=\"https:\/\/copex.com\/wp-content\/uploads\/2020\/03\/Photo-BE-1024x346.jpg\" alt=\"\" class=\"wp-image-2559\" srcset=\"https:\/\/copex.com\/wp-content\/uploads\/2020\/03\/Photo-BE-1024x346.jpg 1024w, https:\/\/copex.com\/wp-content\/uploads\/2020\/03\/Photo-BE-300x101.jpg 300w, https:\/\/copex.com\/wp-content\/uploads\/2020\/03\/Photo-BE-768x260.jpg 768w, https:\/\/copex.com\/wp-content\/uploads\/2020\/03\/Photo-BE-1536x519.jpg 1536w, https:\/\/copex.com\/wp-content\/uploads\/2020\/03\/Photo-BE-1200x406.jpg 1200w, https:\/\/copex.com\/wp-content\/uploads\/2020\/03\/Photo-BE.jpg 1908w\" sizes=\"(max-width: 1024px) 100vw, 1024px\" \/><\/figure>\n\n\n\n<div style=\"height:30px\" aria-hidden=\"true\" class=\"wp-block-spacer\"><\/div>\n","protected":false},"excerpt":{"rendered":"<p>COPEX, mehr als 70 Jahre Erfahrung<\/p>\n","protected":false},"author":1,"featured_media":0,"parent":0,"menu_order":0,"comment_status":"closed","ping_status":"closed","template":"","meta":{"_acf_changed":false,"content-type":"","footnotes":""},"class_list":["post-4718","page","type-page","status-publish","hentry"],"acf":[],"yoast_head":"<!-- This site is optimized with the Yoast SEO plugin v27.4 - https:\/\/yoast.com\/product\/yoast-seo-wordpress\/ -->\n<title>Copex in Caudan (56) in Frankreich<\/title>\n<meta name=\"description\" content=\"Trotz seiner internationalen Pr\u00e4senz beh\u00e4lt das Unternehmen Copex die Kontrolle \u00fcber eine Made in France-Produktion mit rund hundert Mitarbeitern.\" \/>\n<meta name=\"robots\" content=\"index, follow, max-snippet:-1, max-image-preview:large, max-video-preview:-1\" \/>\n<link rel=\"canonical\" href=\"https:\/\/copex.com\/de\/betrieb\/\" \/>\n<meta property=\"og:locale\" content=\"de_DE\" \/>\n<meta property=\"og:type\" content=\"article\" \/>\n<meta property=\"og:title\" content=\"Copex in Caudan (56) in Frankreich\" \/>\n<meta property=\"og:description\" content=\"Trotz seiner internationalen Pr\u00e4senz beh\u00e4lt das Unternehmen Copex die Kontrolle \u00fcber eine Made in France-Produktion mit rund hundert Mitarbeitern.\" \/>\n<meta property=\"og:url\" content=\"https:\/\/copex.com\/de\/betrieb\/\" \/>\n<meta property=\"og:site_name\" content=\"Copex\" \/>\n<meta property=\"article:modified_time\" content=\"2022-05-12T07:05:45+00:00\" \/>\n<meta property=\"og:image\" content=\"https:\/\/copex.com\/wp-content\/uploads\/2020\/03\/Frise_1240x1240_2021_sept_DE-1024x1024.png\" \/>\n<meta name=\"twitter:card\" content=\"summary_large_image\" \/>\n<meta name=\"twitter:label1\" content=\"Gesch\u00e4tzte Lesezeit\" \/>\n\t<meta name=\"twitter:data1\" content=\"4\u00a0Minuten\" \/>\n<script type=\"application\/ld+json\" class=\"yoast-schema-graph\">{\"@context\":\"https:\\\/\\\/schema.org\",\"@graph\":[{\"@type\":\"WebPage\",\"@id\":\"https:\\\/\\\/copex.com\\\/de\\\/betrieb\\\/\",\"url\":\"https:\\\/\\\/copex.com\\\/de\\\/betrieb\\\/\",\"name\":\"Copex in Caudan (56) in Frankreich\",\"isPartOf\":{\"@id\":\"https:\\\/\\\/copex.com\\\/de\\\/#website\"},\"primaryImageOfPage\":{\"@id\":\"https:\\\/\\\/copex.com\\\/de\\\/betrieb\\\/#primaryimage\"},\"image\":{\"@id\":\"https:\\\/\\\/copex.com\\\/de\\\/betrieb\\\/#primaryimage\"},\"thumbnailUrl\":\"https:\\\/\\\/copex.com\\\/wp-content\\\/uploads\\\/2020\\\/03\\\/Frise_1240x1240_2021_sept_DE-1024x1024.png\",\"datePublished\":\"2020-03-24T10:08:12+00:00\",\"dateModified\":\"2022-05-12T07:05:45+00:00\",\"description\":\"Trotz seiner internationalen Pr\u00e4senz beh\u00e4lt das Unternehmen Copex die Kontrolle \u00fcber eine Made in France-Produktion mit rund hundert Mitarbeitern.\",\"breadcrumb\":{\"@id\":\"https:\\\/\\\/copex.com\\\/de\\\/betrieb\\\/#breadcrumb\"},\"inLanguage\":\"de\",\"potentialAction\":[{\"@type\":\"ReadAction\",\"target\":[\"https:\\\/\\\/copex.com\\\/de\\\/betrieb\\\/\"]}]},{\"@type\":\"ImageObject\",\"inLanguage\":\"de\",\"@id\":\"https:\\\/\\\/copex.com\\\/de\\\/betrieb\\\/#primaryimage\",\"url\":\"https:\\\/\\\/copex.com\\\/wp-content\\\/uploads\\\/2020\\\/03\\\/Frise_1240x1240_2021_sept_DE-1024x1024.png\",\"contentUrl\":\"https:\\\/\\\/copex.com\\\/wp-content\\\/uploads\\\/2020\\\/03\\\/Frise_1240x1240_2021_sept_DE-1024x1024.png\"},{\"@type\":\"BreadcrumbList\",\"@id\":\"https:\\\/\\\/copex.com\\\/de\\\/betrieb\\\/#breadcrumb\",\"itemListElement\":[{\"@type\":\"ListItem\",\"position\":1,\"name\":\"Home\",\"item\":\"https:\\\/\\\/copex.com\\\/de\\\/\"},{\"@type\":\"ListItem\",\"position\":2,\"name\":\"Betrieb\"}]},{\"@type\":\"WebSite\",\"@id\":\"https:\\\/\\\/copex.com\\\/de\\\/#website\",\"url\":\"https:\\\/\\\/copex.com\\\/de\\\/\",\"name\":\"Copex\",\"description\":\"Un site utilisant WordPress\",\"publisher\":{\"@id\":\"https:\\\/\\\/copex.com\\\/de\\\/#organization\"},\"potentialAction\":[{\"@type\":\"SearchAction\",\"target\":{\"@type\":\"EntryPoint\",\"urlTemplate\":\"https:\\\/\\\/copex.com\\\/de\\\/?s={search_term_string}\"},\"query-input\":{\"@type\":\"PropertyValueSpecification\",\"valueRequired\":true,\"valueName\":\"search_term_string\"}}],\"inLanguage\":\"de\"},{\"@type\":\"Organization\",\"@id\":\"https:\\\/\\\/copex.com\\\/de\\\/#organization\",\"name\":\"copex\",\"url\":\"https:\\\/\\\/copex.com\\\/de\\\/\",\"logo\":{\"@type\":\"ImageObject\",\"inLanguage\":\"de\",\"@id\":\"https:\\\/\\\/copex.com\\\/de\\\/#\\\/schema\\\/logo\\\/image\\\/\",\"url\":\"https:\\\/\\\/copex.com\\\/wp-content\\\/uploads\\\/2020\\\/03\\\/cropped-Logo-COPEX-@x2.jpg\",\"contentUrl\":\"https:\\\/\\\/copex.com\\\/wp-content\\\/uploads\\\/2020\\\/03\\\/cropped-Logo-COPEX-@x2.jpg\",\"width\":457,\"height\":100,\"caption\":\"copex\"},\"image\":{\"@id\":\"https:\\\/\\\/copex.com\\\/de\\\/#\\\/schema\\\/logo\\\/image\\\/\"}}]}<\/script>\n<!-- \/ Yoast SEO plugin. -->","yoast_head_json":{"title":"Copex in Caudan (56) in Frankreich","description":"Trotz seiner internationalen Pr\u00e4senz beh\u00e4lt das Unternehmen Copex die Kontrolle \u00fcber eine Made in France-Produktion mit rund hundert Mitarbeitern.","robots":{"index":"index","follow":"follow","max-snippet":"max-snippet:-1","max-image-preview":"max-image-preview:large","max-video-preview":"max-video-preview:-1"},"canonical":"https:\/\/copex.com\/de\/betrieb\/","og_locale":"de_DE","og_type":"article","og_title":"Copex in Caudan (56) in Frankreich","og_description":"Trotz seiner internationalen Pr\u00e4senz beh\u00e4lt das Unternehmen Copex die Kontrolle \u00fcber eine Made in France-Produktion mit rund hundert Mitarbeitern.","og_url":"https:\/\/copex.com\/de\/betrieb\/","og_site_name":"Copex","article_modified_time":"2022-05-12T07:05:45+00:00","og_image":[{"url":"https:\/\/copex.com\/wp-content\/uploads\/2020\/03\/Frise_1240x1240_2021_sept_DE-1024x1024.png","type":"","width":"","height":""}],"twitter_card":"summary_large_image","twitter_misc":{"Gesch\u00e4tzte Lesezeit":"4\u00a0Minuten"},"schema":{"@context":"https:\/\/schema.org","@graph":[{"@type":"WebPage","@id":"https:\/\/copex.com\/de\/betrieb\/","url":"https:\/\/copex.com\/de\/betrieb\/","name":"Copex in Caudan (56) in Frankreich","isPartOf":{"@id":"https:\/\/copex.com\/de\/#website"},"primaryImageOfPage":{"@id":"https:\/\/copex.com\/de\/betrieb\/#primaryimage"},"image":{"@id":"https:\/\/copex.com\/de\/betrieb\/#primaryimage"},"thumbnailUrl":"https:\/\/copex.com\/wp-content\/uploads\/2020\/03\/Frise_1240x1240_2021_sept_DE-1024x1024.png","datePublished":"2020-03-24T10:08:12+00:00","dateModified":"2022-05-12T07:05:45+00:00","description":"Trotz seiner internationalen Pr\u00e4senz beh\u00e4lt das Unternehmen Copex die Kontrolle \u00fcber eine Made in France-Produktion mit rund hundert Mitarbeitern.","breadcrumb":{"@id":"https:\/\/copex.com\/de\/betrieb\/#breadcrumb"},"inLanguage":"de","potentialAction":[{"@type":"ReadAction","target":["https:\/\/copex.com\/de\/betrieb\/"]}]},{"@type":"ImageObject","inLanguage":"de","@id":"https:\/\/copex.com\/de\/betrieb\/#primaryimage","url":"https:\/\/copex.com\/wp-content\/uploads\/2020\/03\/Frise_1240x1240_2021_sept_DE-1024x1024.png","contentUrl":"https:\/\/copex.com\/wp-content\/uploads\/2020\/03\/Frise_1240x1240_2021_sept_DE-1024x1024.png"},{"@type":"BreadcrumbList","@id":"https:\/\/copex.com\/de\/betrieb\/#breadcrumb","itemListElement":[{"@type":"ListItem","position":1,"name":"Home","item":"https:\/\/copex.com\/de\/"},{"@type":"ListItem","position":2,"name":"Betrieb"}]},{"@type":"WebSite","@id":"https:\/\/copex.com\/de\/#website","url":"https:\/\/copex.com\/de\/","name":"Copex","description":"Un site utilisant WordPress","publisher":{"@id":"https:\/\/copex.com\/de\/#organization"},"potentialAction":[{"@type":"SearchAction","target":{"@type":"EntryPoint","urlTemplate":"https:\/\/copex.com\/de\/?s={search_term_string}"},"query-input":{"@type":"PropertyValueSpecification","valueRequired":true,"valueName":"search_term_string"}}],"inLanguage":"de"},{"@type":"Organization","@id":"https:\/\/copex.com\/de\/#organization","name":"copex","url":"https:\/\/copex.com\/de\/","logo":{"@type":"ImageObject","inLanguage":"de","@id":"https:\/\/copex.com\/de\/#\/schema\/logo\/image\/","url":"https:\/\/copex.com\/wp-content\/uploads\/2020\/03\/cropped-Logo-COPEX-@x2.jpg","contentUrl":"https:\/\/copex.com\/wp-content\/uploads\/2020\/03\/cropped-Logo-COPEX-@x2.jpg","width":457,"height":100,"caption":"copex"},"image":{"@id":"https:\/\/copex.com\/de\/#\/schema\/logo\/image\/"}}]}},"_links":{"self":[{"href":"https:\/\/copex.com\/de\/wp-json\/wp\/v2\/pages\/4718","targetHints":{"allow":["GET"]}}],"collection":[{"href":"https:\/\/copex.com\/de\/wp-json\/wp\/v2\/pages"}],"about":[{"href":"https:\/\/copex.com\/de\/wp-json\/wp\/v2\/types\/page"}],"author":[{"embeddable":true,"href":"https:\/\/copex.com\/de\/wp-json\/wp\/v2\/users\/1"}],"replies":[{"embeddable":true,"href":"https:\/\/copex.com\/de\/wp-json\/wp\/v2\/comments?post=4718"}],"version-history":[{"count":10,"href":"https:\/\/copex.com\/de\/wp-json\/wp\/v2\/pages\/4718\/revisions"}],"predecessor-version":[{"id":7169,"href":"https:\/\/copex.com\/de\/wp-json\/wp\/v2\/pages\/4718\/revisions\/7169"}],"wp:attachment":[{"href":"https:\/\/copex.com\/de\/wp-json\/wp\/v2\/media?parent=4718"}],"curies":[{"name":"wp","href":"https:\/\/api.w.org\/{rel}","templated":true}]}}